{"id":1901,"date":"2025-03-05T11:18:30","date_gmt":"2025-03-05T09:18:30","guid":{"rendered":"https:\/\/talesofmemories.com\/product\/sidan-for-husdjur\/"},"modified":"2025-05-07T10:14:46","modified_gmt":"2025-05-07T07:14:46","slug":"sidan-for-husdjur","status":"publish","type":"product","link":"https:\/\/talesofmemories.com\/sv\/produkt\/sidan-for-husdjur\/","title":{"rendered":"F\u00f6r s\u00e4llskapsdjur"},"content":{"rendered":"<p data-start=\"69\" data-end=\"321\">Husdjur \u00e4r familjemedlemmar vars minnen f\u00f6rtj\u00e4nar att vara f\u00f6r evigt. Med den h\u00e4r minnessidan kan du <strong data-start=\"164\" data-end=\"254\">f\u00e5nga gemensamma \u00e4ventyr, roliga \u00f6gonblick och de mest omhuldade minnena p\u00e5 ett och samma st\u00e4lle<\/strong> - oavsett omdet g\u00e4ller ett husdjur som fortfarande \u00e4r med dig eller ett som har g\u00e5tt bort. <\/p>\n<p data-start=\"323\" data-end=\"540\">Du kan l\u00e4gga till foton, videor och viktiga \u00f6gonblick fr\u00e5n ditt husdjurs liv och <strong data-start=\"400\" data-end=\"442\">dela sidan med familj och v\u00e4nner.<\/strong> P\u00e5 s\u00e5 s\u00e4tt h\u00e5lls minnena vid liv och du kan \u00e5terbes\u00f6ka de mest speciella \u00f6gonblicken n\u00e4r du vill. <\/p>\n<p data-start=\"542\" data-end=\"762\"><strong data-start=\"542\" data-end=\"610\">F\u00e5 tillg\u00e5ng till ditt husdjurs minnessida snabbt och enkelt med en QR-kod!<\/strong>  En plakett, nyckelring eller annan minnessak ger omedelbar \u00e5tkomst till sidan med bara en skanning - s\u00e5 att du kan \u00e5teruppleva de \u00e4lskade minnena n\u00e4r som helst.<\/p>\n","protected":false},"excerpt":{"rendered":"<p>Bevara ditt \u00e4lskade husdjurs historia<\/p>\n","protected":false},"featured_media":1672,"template":"","meta":{"inline_featured_image":false},"product_brand":[255],"product_cat":[145],"product_tag":[],"class_list":{"0":"post-1901","1":"product","2":"type-product","3":"status-publish","4":"has-post-thumbnail","6":"product_brand-for-sallskapsdjur","7":"product_cat-sidor","9":"first","10":"instock","11":"sale","12":"sold-individually","13":"taxable","14":"shipping-taxable","15":"purchasable","16":"product-type-simple"},"_links":{"self":[{"href":"https:\/\/talesofmemories.com\/sv\/wp-json\/wp\/v2\/product\/1901","targetHints":{"allow":["GET"]}}],"collection":[{"href":"https:\/\/talesofmemories.com\/sv\/wp-json\/wp\/v2\/product"}],"about":[{"href":"https:\/\/talesofmemories.com\/sv\/wp-json\/wp\/v2\/types\/product"}],"wp:featuredmedia":[{"embeddable":true,"href":"https:\/\/talesofmemories.com\/sv\/wp-json\/wp\/v2\/media\/1672"}],"wp:attachment":[{"href":"https:\/\/talesofmemories.com\/sv\/wp-json\/wp\/v2\/media?parent=1901"}],"wp:term":[{"taxonomy":"product_brand","embeddable":true,"href":"https:\/\/talesofmemories.com\/sv\/wp-json\/wp\/v2\/product_brand?post=1901"},{"taxonomy":"product_cat","embeddable":true,"href":"https:\/\/talesofmemories.com\/sv\/wp-json\/wp\/v2\/product_cat?post=1901"},{"taxonomy":"product_tag","embeddable":true,"href":"https:\/\/talesofmemories.com\/sv\/wp-json\/wp\/v2\/product_tag?post=1901"}],"curies":[{"name":"wp","href":"https:\/\/api.w.org\/{rel}","templated":true}]}}