{"id":1881,"date":"2025-03-05T11:18:54","date_gmt":"2025-03-05T09:18:54","guid":{"rendered":"https:\/\/talesofmemories.com\/product\/sidan-relationer-och-familj-livstid\/"},"modified":"2025-05-07T10:14:46","modified_gmt":"2025-05-07T07:14:46","slug":"sidan-relationer-och-familj-livstid","status":"publish","type":"product","link":"https:\/\/talesofmemories.com\/sv\/produkt\/sidan-relationer-och-familj-livstid\/","title":{"rendered":"Relationer och familj - Livstid"},"content":{"rendered":"<p data-start=\"100\" data-end=\"419\">K\u00e4rlek och familj bygger p\u00e5 gemensamma upplevelser - fr\u00e5n <strong data-start=\"157\" data-end=\"232\">f\u00f6rsta dejten till att flytta ihop, fr\u00e5n f\u00f6rlovning till att bilda familj<\/strong> och genom alla sm\u00e5 men betydelsefulla \u00f6gonblick d\u00e4remellan. Den h\u00e4r minnessidan <strong data-start=\"312\" data-end=\"355\">v\u00e4xer med ditt f\u00f6rh\u00e5llande och din familj och<\/strong> bevarar de v\u00e4rdefulla minnen som du samlar p\u00e5 dig l\u00e4ngs v\u00e4gen. <\/p>\n<p data-start=\"421\" data-end=\"658\">Du kan <strong data-start=\"429\" data-end=\"449\">spara viktiga \u00f6gonblick<\/strong> i foton, videor och ber\u00e4ttelser samtidigt som du f\u00f6ljer din resa genom en tidslinje. Minnessidan anpassar sig till olika livsstadier - oavsett om ni precis har tr\u00e4ffats eller redan har byggt upp ett liv tillsammans under \u00e5rens lopp. <\/p>\n<p data-start=\"660\" data-end=\"872\"><strong data-start=\"660\" data-end=\"722\">\u00d6ppna din minnessida snabbt och enkelt med en QR-kod!<\/strong>  Ett halsband, en plakett eller en annan minnessak ger omedelbar tillg\u00e5ng till din sida med bara en skanning - s\u00e5 att du kan \u00e5terbes\u00f6ka dina gemensamma minnen n\u00e4r som helst.<\/p>\n","protected":false},"excerpt":{"rendered":"<p>Bevara de viktigaste \u00f6gonblicken under er resa tillsammans<\/p>\n","protected":false},"featured_media":1668,"template":"","meta":{"inline_featured_image":false},"product_brand":[236],"product_cat":[145],"product_tag":[],"class_list":{"0":"post-1881","1":"product","2":"type-product","3":"status-publish","4":"has-post-thumbnail","6":"product_brand-relation-och-familj","7":"product_cat-sidor","9":"first","10":"instock","11":"sale","12":"sold-individually","13":"taxable","14":"shipping-taxable","15":"purchasable","16":"product-type-simple"},"_links":{"self":[{"href":"https:\/\/talesofmemories.com\/sv\/wp-json\/wp\/v2\/product\/1881","targetHints":{"allow":["GET"]}}],"collection":[{"href":"https:\/\/talesofmemories.com\/sv\/wp-json\/wp\/v2\/product"}],"about":[{"href":"https:\/\/talesofmemories.com\/sv\/wp-json\/wp\/v2\/types\/product"}],"wp:featuredmedia":[{"embeddable":true,"href":"https:\/\/talesofmemories.com\/sv\/wp-json\/wp\/v2\/media\/1668"}],"wp:attachment":[{"href":"https:\/\/talesofmemories.com\/sv\/wp-json\/wp\/v2\/media?parent=1881"}],"wp:term":[{"taxonomy":"product_brand","embeddable":true,"href":"https:\/\/talesofmemories.com\/sv\/wp-json\/wp\/v2\/product_brand?post=1881"},{"taxonomy":"product_cat","embeddable":true,"href":"https:\/\/talesofmemories.com\/sv\/wp-json\/wp\/v2\/product_cat?post=1881"},{"taxonomy":"product_tag","embeddable":true,"href":"https:\/\/talesofmemories.com\/sv\/wp-json\/wp\/v2\/product_tag?post=1881"}],"curies":[{"name":"wp","href":"https:\/\/api.w.org\/{rel}","templated":true}]}}