{"id":2034,"date":"2025-03-06T13:04:37","date_gmt":"2025-03-06T11:04:37","guid":{"rendered":"https:\/\/talesofmemories.com\/vagn\/"},"modified":"2025-08-05T09:23:38","modified_gmt":"2025-08-05T06:23:38","slug":"vagn","status":"publish","type":"page","link":"https:\/\/talesofmemories.com\/sv\/vagn\/","title":{"rendered":"Vagn"},"content":{"rendered":"\n<div data-block-name=\"woocommerce\/cart\" class=\"wp-block-woocommerce-cart alignwide is-loading\">\n<div data-block-name=\"woocommerce\/filled-cart-block\" class=\"wp-block-woocommerce-filled-cart-block\">\n<div data-block-name=\"woocommerce\/cart-items-block\" class=\"wp-block-woocommerce-cart-items-block\">\n<div data-block-name=\"woocommerce\/cart-line-items-block\" class=\"wp-block-woocommerce-cart-line-items-block\"><\/div>\n\n\n\n<div data-block-name=\"woocommerce\/cart-cross-sells-block\" class=\"wp-block-woocommerce-cart-cross-sells-block\">\n<h2 class=\"wp-block-heading has-large-font-size\">Du kanske \u00e4r intresserad av&#8230;<\/h2>\n\n\n\n<div data-block-name=\"woocommerce\/cart-cross-sells-products-block\" class=\"wp-block-woocommerce-cart-cross-sells-products-block\"><\/div>\n<\/div>\n<\/div>\n\n\n\n<div data-block-name=\"woocommerce\/cart-totals-block\" class=\"wp-block-woocommerce-cart-totals-block\">\n<div data-block-name=\"woocommerce\/cart-order-summary-block\" class=\"wp-block-woocommerce-cart-order-summary-block\">\n<div data-block-name=\"woocommerce\/cart-order-summary-heading-block\" class=\"wp-block-woocommerce-cart-order-summary-heading-block\"><\/div>\n\n\n\n<div data-block-name=\"woocommerce\/cart-order-summary-coupon-form-block\" class=\"wp-block-woocommerce-cart-order-summary-coupon-form-block\"><\/div>\n\n\n\n<div data-block-name=\"woocommerce\/cart-order-summary-totals-block\" class=\"wp-block-woocommerce-cart-order-summary-totals-block\">\n<div data-block-name=\"woocommerce\/cart-order-summary-subtotal-block\" class=\"wp-block-woocommerce-cart-order-summary-subtotal-block\"><\/div>\n\n\n\n<div data-block-name=\"woocommerce\/cart-order-summary-fee-block\" class=\"wp-block-woocommerce-cart-order-summary-fee-block\"><\/div>\n\n\n\n<div data-block-name=\"woocommerce\/cart-order-summary-discount-block\" class=\"wp-block-woocommerce-cart-order-summary-discount-block\"><\/div>\n\n\n\n<div data-block-name=\"woocommerce\/cart-order-summary-shipping-block\" class=\"wp-block-woocommerce-cart-order-summary-shipping-block\"><\/div>\n\n\n\n<div data-block-name=\"woocommerce\/cart-order-summary-taxes-block\" class=\"wp-block-woocommerce-cart-order-summary-taxes-block\"><\/div>\n<\/div>\n<\/div>\n\n\n\n<div data-block-name=\"woocommerce\/cart-express-payment-block\" class=\"wp-block-woocommerce-cart-express-payment-block\"><\/div>\n\n\n\n<div data-block-name=\"woocommerce\/proceed-to-checkout-block\" class=\"wp-block-woocommerce-proceed-to-checkout-block\"><\/div>\n\n\n\n<div data-block-name=\"woocommerce\/cart-accepted-payment-methods-block\" class=\"wp-block-woocommerce-cart-accepted-payment-methods-block\"><\/div>\n\n\n\n<div class=\"wcml-dropdown product wcml_currency_switcher\">\n\t<ul>\n\t\t<li class=\"wcml-cs-active-currency\">\n\t\t\t<a class=\"wcml-cs-item-toggle\">Amerikanska dollar (&#036;) - USD<\/a>\n\t\t\t<ul class=\"wcml-cs-submenu\">\n\t\t\t\t\t\t\t\t\t\t\t\t\t\t\t<li>\n\t\t\t\t\t\t\t<a rel=\"EUR\">Euro (&euro;) - EUR<\/a>\n\t\t\t\t\t\t<\/li>\n\t\t\t\t\t\t\t\t\t\t\t\t\t\t\t\t\t\t\t\t<li>\n\t\t\t\t\t\t\t<a rel=\"GBP\">Brittiska pund (&pound;) - GBP<\/a>\n\t\t\t\t\t\t<\/li>\n\t\t\t\t\t\t\t\t\t\t\t\t\t\t\t\t\t\t\t\t<li>\n\t\t\t\t\t\t\t<a rel=\"CZK\">Tjeckiska koruna (&#075;&#269;) - CZK<\/a>\n\t\t\t\t\t\t<\/li>\n\t\t\t\t\t\t\t\t\t\t\t\t\t\t\t\t\t\t\t\t<li>\n\t\t\t\t\t\t\t<a rel=\"DKK\">Danska kronor (kr.) - DKK<\/a>\n\t\t\t\t\t\t<\/li>\n\t\t\t\t\t\t\t\t\t\t\t\t\t\t\t\t\t\t\t\t<li>\n\t\t\t\t\t\t\t<a rel=\"CHF\">Schweizerfranc (&#067;&#072;&#070;) - CHF<\/a>\n\t\t\t\t\t\t<\/li>\n\t\t\t\t\t\t\t\t\t\t\t\t\t\t\t\t\t\t\t\t<li>\n\t\t\t\t\t\t\t<a rel=\"NOK\">Norska kronor (&#107;&#114;) - NOK<\/a>\n\t\t\t\t\t\t<\/li>\n\t\t\t\t\t\t\t\t\t\t\t\t\t\t\t\t\t\t\t\t<li>\n\t\t\t\t\t\t\t<a rel=\"PLN\">Polska zloty (&#122;&#322;) - PLN<\/a>\n\t\t\t\t\t\t<\/li>\n\t\t\t\t\t\t\t\t\t\t\t\t\t\t\t\t\t\t\t\t<li>\n\t\t\t\t\t\t\t<a rel=\"RON\">Rum\u00e4nska leu (lei) - RON<\/a>\n\t\t\t\t\t\t<\/li>\n\t\t\t\t\t\t\t\t\t\t\t\t\t\t\t\t\t\t\t\t<li>\n\t\t\t\t\t\t\t<a rel=\"MDL\">Moldoviska leu (MDL) - MDL<\/a>\n\t\t\t\t\t\t<\/li>\n\t\t\t\t\t\t\t\t\t\t\t\t\t\t\t\t\t\t\t\t<li>\n\t\t\t\t\t\t\t<a rel=\"RUB\">Ryska rubler (&#8381;) - RUB<\/a>\n\t\t\t\t\t\t<\/li>\n\t\t\t\t\t\t\t\t\t\t\t\t\t\t\t\t\t\t\t\t<li>\n\t\t\t\t\t\t\t<a rel=\"BYN\">Vitryska rubel (Br) - BYN<\/a>\n\t\t\t\t\t\t<\/li>\n\t\t\t\t\t\t\t\t\t\t\t\t\t\t\t\t\t\t\t\t<li>\n\t\t\t\t\t\t\t<a rel=\"SEK\">Svenska kronor (&#107;&#114;) - SEK<\/a>\n\t\t\t\t\t\t<\/li>\n\t\t\t\t\t\t\t\t\t\t\t\t\t\t\t\t\t\t\t\t<li>\n\t\t\t\t\t\t\t<a rel=\"UAH\">Ukrainska hryvnia (&#8372;) - UAH<\/a>\n\t\t\t\t\t\t<\/li>\n\t\t\t\t\t\t\t\t\t\t\t\t\t\t\t\t\t\t\t\t\t\t\t\t\t\t\t\t\t<li>\n\t\t\t\t\t\t\t<a rel=\"CAD\">Kanadensiska dollar (&#036;) - CAD<\/a>\n\t\t\t\t\t\t<\/li>\n\t\t\t\t\t\t\t\t\t\t\t\t\t\t\t\t\t\t\t\t<li>\n\t\t\t\t\t\t\t<a rel=\"BRL\">Brasilianska real (&#082;&#036;) - BRL<\/a>\n\t\t\t\t\t\t<\/li>\n\t\t\t\t\t\t\t\t\t\t\t\t\t\t\t\t\t\t\t\t<li>\n\t\t\t\t\t\t\t<a rel=\"MXN\">Mexikanska pesos (&#036;) - MXN<\/a>\n\t\t\t\t\t\t<\/li>\n\t\t\t\t\t\t\t\t\t\t\t\t\t\t\t\t\t\t\t\t<li>\n\t\t\t\t\t\t\t<a rel=\"ARS\">Argentinska pesos (&#036;) - ARS<\/a>\n\t\t\t\t\t\t<\/li>\n\t\t\t\t\t\t\t\t\t\t\t\t\t\t\t\t\t\t\t\t<li>\n\t\t\t\t\t\t\t<a rel=\"KZT\">Kazakstan-tenge (&#8376;) - KZT<\/a>\n\t\t\t\t\t\t<\/li>\n\t\t\t\t\t\t\t\t\t\t\t\t\t\t\t\t\t\t\t\t<li>\n\t\t\t\t\t\t\t<a rel=\"AUD\">Australiska dollar (&#036;) - AUD<\/a>\n\t\t\t\t\t\t<\/li>\n\t\t\t\t\t\t\t\t\t\t\t\t\t\t\t\t\t\t\t\t<li>\n\t\t\t\t\t\t\t<a rel=\"TRY\">Turkiska lira (&#8378;) - TRY<\/a>\n\t\t\t\t\t\t<\/li>\n\t\t\t\t\t\t\t\t\t\t\t\t<\/ul>\n\t\t<\/li>\n\t<\/ul>\n<\/div>\n<\/div>\n<\/div>\n\n\n\n<div data-block-name=\"woocommerce\/empty-cart-block\" class=\"wp-block-woocommerce-empty-cart-block\">\n<h2 class=\"wp-block-heading has-text-align-center with-empty-cart-icon wc-block-cart__empty-cart__title\">Din varukorg \u00e4r f\u00f6r n\u00e4rvarande tom!<\/h2>\n\n\n\n<hr class=\"wp-block-separator has-alpha-channel-opacity is-style-dots\"\/>\n\n\n\n<h2 class=\"wp-block-heading has-text-align-center\">Ny i butik<\/h2>\n\n\n<div data-block-name=\"woocommerce\/product-new\" data-columns=\"4\" data-rows=\"1\" class=\"wc-block-grid wp-block-product-new wp-block-woocommerce-product-new wc-block-product-new has-4-columns\"><ul class=\"wc-block-grid__products\"><li class=\"wc-block-grid__product\">\n\t\t\t\t<a href=\"https:\/\/talesofmemories.com\/sv\/produkt\/sida-relation-och-familj-arligen\/\" class=\"wc-block-grid__product-link\">\n\t\t\t\t\t<div class=\"wc-block-grid__product-onsale\">\n\t\t\t<span aria-hidden=\"true\">Rea<\/span>\n\t\t\t<span class=\"screen-reader-text\">Produkter p\u00e5 rea<\/span>\n\t\t<\/div>\n\t\t\t\t\t<div class=\"wc-block-grid__product-image\"><img decoding=\"async\" width=\"300\" height=\"300\" src=\"https:\/\/talesofmemories.com\/wp-content\/uploads\/2025\/02\/family-6475821_1280-300x300.jpg\" class=\"attachment-woocommerce_thumbnail size-woocommerce_thumbnail\" alt=\"Relation och familj - \u00c5rligen\" srcset=\"https:\/\/talesofmemories.com\/wp-content\/uploads\/2025\/02\/family-6475821_1280-300x300.jpg 300w, https:\/\/talesofmemories.com\/wp-content\/uploads\/2025\/02\/family-6475821_1280-100x100.jpg 100w\" sizes=\"(max-width: 300px) 100vw, 300px\" \/><\/div>\n\t\t\t\t\t<div class=\"wc-block-grid__product-title\">Relation och familj - \u00c5rligen<\/div>\n\t\t\t\t<\/a>\n\t\t\t\t<div class=\"wc-block-grid__product-price price\">Fr\u00e5n <span class=\"woocommerce-Price-amount amount\"><span class=\"woocommerce-Price-currencySymbol\">&#036;<\/span>52.27<\/span><\/div>\n\t\t\t\t\n\t\t\t\t<div class=\"wp-block-button wc-block-grid__product-add-to-cart\"><a href=\"https:\/\/talesofmemories.com\/sv\/produkt\/sida-relation-och-familj-arligen\/\" aria-label=\"V\u00e4lj alternativ f\u00f6r \u201dRelation och familj - \u00c5rligen\u201d\" data-quantity=\"1\" data-product_id=\"1740\" data-product_sku=\"\" data-price=\"52.27\" rel=\"nofollow\" class=\"wp-block-button__link  add_to_cart_button\">V\u00e4lj alternativ<\/a><\/div>\n\t\t\t<\/li><li class=\"wc-block-grid__product\">\n\t\t\t\t<a href=\"https:\/\/talesofmemories.com\/sv\/produkt\/sida-tjansteleverantorer\/\" class=\"wc-block-grid__product-link\">\n\t\t\t\t\t\n\t\t\t\t\t<div class=\"wc-block-grid__product-image\"><img decoding=\"async\" width=\"300\" height=\"300\" src=\"https:\/\/talesofmemories.com\/wp-content\/uploads\/2025\/03\/woman-8327052_1920-300x300.jpg\" class=\"attachment-woocommerce_thumbnail size-woocommerce_thumbnail\" alt=\"Tj\u00e4nsteleverant\u00f6rer\" srcset=\"https:\/\/talesofmemories.com\/wp-content\/uploads\/2025\/03\/woman-8327052_1920-300x300.jpg 300w, https:\/\/talesofmemories.com\/wp-content\/uploads\/2025\/03\/woman-8327052_1920-100x100.jpg 100w\" sizes=\"(max-width: 300px) 100vw, 300px\" \/><\/div>\n\t\t\t\t\t<div class=\"wc-block-grid__product-title\">Tj\u00e4nsteleverant\u00f6rer<\/div>\n\t\t\t\t<\/a>\n\t\t\t\t<div class=\"wc-block-grid__product-price price\"><span class=\"woocommerce-Price-amount amount\"><span class=\"woocommerce-Price-currencySymbol\">&#036;<\/span>142.00<\/span><span class=\"price-suffix\"><\/span><\/div>\n\t\t\t\t\n\t\t\t\t<div class=\"wp-block-button wc-block-grid__product-add-to-cart\"><a href=\"\/sv\/wp-json\/wp\/v2\/pages\/2034?add-to-cart=1781\" aria-label=\"L\u00e4gg till i varukorgen: \u201dTj\u00e4nsteleverant\u00f6rer\u201d\" data-quantity=\"1\" data-product_id=\"1781\" data-product_sku=\"\" data-price=\"142\" rel=\"nofollow\" class=\"wp-block-button__link  add_to_cart_button ajax_add_to_cart\">L\u00e4gg till i varukorgen<\/a><\/div>\n\t\t\t<\/li><li class=\"wc-block-grid__product\">\n\t\t\t\t<a href=\"https:\/\/talesofmemories.com\/sv\/produkt\/fotoram\/\" class=\"wc-block-grid__product-link\">\n\t\t\t\t\t\n\t\t\t\t\t<div class=\"wc-block-grid__product-image\"><img decoding=\"async\" width=\"300\" height=\"300\" src=\"https:\/\/talesofmemories.com\/wp-content\/uploads\/2025\/02\/valokuvakehys-300x300.png\" class=\"attachment-woocommerce_thumbnail size-woocommerce_thumbnail\" alt=\"Fotoram\" srcset=\"https:\/\/talesofmemories.com\/wp-content\/uploads\/2025\/02\/valokuvakehys-300x300.png 300w, https:\/\/talesofmemories.com\/wp-content\/uploads\/2025\/02\/valokuvakehys-100x100.png 100w, https:\/\/talesofmemories.com\/wp-content\/uploads\/2025\/02\/valokuvakehys.png 518w\" sizes=\"(max-width: 300px) 100vw, 300px\" \/><\/div>\n\t\t\t\t\t<div class=\"wc-block-grid__product-title\">Fotoram<\/div>\n\t\t\t\t<\/a>\n\t\t\t\t<div class=\"wc-block-grid__product-price price\"><\/div>\n\t\t\t\t\n\t\t\t\t<div class=\"wp-block-button wc-block-grid__product-add-to-cart\"><a href=\"https:\/\/talesofmemories.com\/sv\/produkt\/fotoram\/\" aria-label=\"L\u00e4s mer om \u201dFotoram\u201d\" data-quantity=\"1\" data-product_id=\"1828\" data-product_sku=\"\" data-price=\"0\" rel=\"nofollow\" class=\"wp-block-button__link  add_to_cart_button\">L\u00e4s mer<\/a><\/div>\n\t\t\t<\/li><li class=\"wc-block-grid__product\">\n\t\t\t\t<a href=\"https:\/\/talesofmemories.com\/sv\/produkt\/sidan-minnen\/\" class=\"wc-block-grid__product-link\">\n\t\t\t\t\t<div class=\"wc-block-grid__product-onsale\">\n\t\t\t<span aria-hidden=\"true\">Rea<\/span>\n\t\t\t<span class=\"screen-reader-text\">Produkter p\u00e5 rea<\/span>\n\t\t<\/div>\n\t\t\t\t\t<div class=\"wc-block-grid__product-image\"><img decoding=\"async\" width=\"300\" height=\"300\" src=\"https:\/\/talesofmemories.com\/wp-content\/uploads\/2025\/03\/camera-514992_1920-300x300.jpg\" class=\"attachment-woocommerce_thumbnail size-woocommerce_thumbnail\" alt=\"Minnen\" srcset=\"https:\/\/talesofmemories.com\/wp-content\/uploads\/2025\/03\/camera-514992_1920-300x300.jpg 300w, https:\/\/talesofmemories.com\/wp-content\/uploads\/2025\/03\/camera-514992_1920-100x100.jpg 100w\" sizes=\"(max-width: 300px) 100vw, 300px\" \/><\/div>\n\t\t\t\t\t<div class=\"wc-block-grid__product-title\">Minnen<\/div>\n\t\t\t\t<\/a>\n\t\t\t\t<div class=\"wc-block-grid__product-price price\"><del aria-hidden=\"true\"><span class=\"woocommerce-Price-amount amount\"><span class=\"woocommerce-Price-currencySymbol\">&#036;<\/span>112.02<\/span><\/del> <span class=\"screen-reader-text\">Ursprungligt pris var: &#036;112.02.<\/span><ins aria-hidden=\"true\"><span class=\"woocommerce-Price-amount amount\"><span class=\"woocommerce-Price-currencySymbol\">&#036;<\/span>78.41<\/span><\/ins><span class=\"screen-reader-text\">Aktuellt pris \u00e4r: &#036;78.41.<\/span><span class=\"price-suffix\"><\/span><\/div>\n\t\t\t\t\n\t\t\t\t<div class=\"wp-block-button wc-block-grid__product-add-to-cart\"><a href=\"\/sv\/wp-json\/wp\/v2\/pages\/2034?add-to-cart=3412\" aria-label=\"L\u00e4gg till i varukorgen: \u201dMinnen\u201d\" data-quantity=\"1\" data-product_id=\"3412\" data-product_sku=\"\" data-price=\"78.41\" rel=\"nofollow\" class=\"wp-block-button__link  add_to_cart_button ajax_add_to_cart\">L\u00e4gg till i varukorgen<\/a><\/div>\n\t\t\t<\/li><\/ul><\/div><\/div>\n<\/div>\n","protected":false},"excerpt":{"rendered":"","protected":false},"author":1,"featured_media":0,"parent":0,"menu_order":0,"comment_status":"closed","ping_status":"closed","template":"","meta":{"inline_featured_image":false,"footnotes":""},"class_list":["post-2034","page","type-page","status-publish","hentry"],"_links":{"self":[{"href":"https:\/\/talesofmemories.com\/sv\/wp-json\/wp\/v2\/pages\/2034","targetHints":{"allow":["GET"]}}],"collection":[{"href":"https:\/\/talesofmemories.com\/sv\/wp-json\/wp\/v2\/pages"}],"about":[{"href":"https:\/\/talesofmemories.com\/sv\/wp-json\/wp\/v2\/types\/page"}],"author":[{"embeddable":true,"href":"https:\/\/talesofmemories.com\/sv\/wp-json\/wp\/v2\/users\/1"}],"replies":[{"embeddable":true,"href":"https:\/\/talesofmemories.com\/sv\/wp-json\/wp\/v2\/comments?post=2034"}],"version-history":[{"count":0,"href":"https:\/\/talesofmemories.com\/sv\/wp-json\/wp\/v2\/pages\/2034\/revisions"}],"wp:attachment":[{"href":"https:\/\/talesofmemories.com\/sv\/wp-json\/wp\/v2\/media?parent=2034"}],"curies":[{"name":"wp","href":"https:\/\/api.w.org\/{rel}","templated":true}]}}