{"id":3452,"date":"2025-03-05T11:19:52","date_gmt":"2025-03-05T09:19:52","guid":{"rendered":"https:\/\/talesofmemories.com\/product\/pagina-memorias\/"},"modified":"2025-05-07T10:18:05","modified_gmt":"2025-05-07T07:18:05","slug":"pagina-memorias","status":"publish","type":"product","link":"https:\/\/talesofmemories.com\/pt-pt\/produto\/pagina-memorias\/","title":{"rendered":"Mem\u00f3rias"},"content":{"rendered":"<p data-start=\"68\" data-end=\"310\">Nem todas as recorda\u00e7\u00f5es s\u00e3o sobre pessoas \u2014 por vezes, queremos <strong data-start=\"123\" data-end=\"208\">preservar a hist\u00f3ria de uma empresa, uma banda, um evento ou outra hist\u00f3ria significativa<\/strong>. A <strong data-start=\"214\" data-end=\"231\">P\u00e1gina de Mem\u00f3rias<\/strong> permite-lhe <strong data-start=\"246\" data-end=\"307\">documentar marcos importantes e guard\u00e1-los num \u00fanico local<\/strong>. <\/p>\n<p data-start=\"312\" data-end=\"517\">Adicione <strong data-start=\"316\" data-end=\"350\">fotografias, v\u00eddeos e uma linha cronol\u00f3gica<\/strong> para assinalar <strong data-start=\"359\" data-end=\"420\">acontecimentos importantes, conquistas e momentos inesquec\u00edveis<\/strong>. A p\u00e1gina de mem\u00f3rias <strong data-start=\"438\" data-end=\"514\">mant\u00e9m a hist\u00f3ria viva e facilita a sua partilha com aqueles que a valorizam<\/strong>. <\/p>\n<p data-start=\"519\" data-end=\"710\"><strong data-start=\"519\" data-end=\"571\">Com um c\u00f3digo QR, as mem\u00f3rias est\u00e3o sempre ao alcance<\/strong> \u2014 coloque-o nas <strong data-start=\"584\" data-end=\"654\">instala\u00e7\u00f5es da empresa, em cartazes de concertos ou numa placa comemorativa<\/strong>, garantindo que a hist\u00f3ria est\u00e1 apenas <strong data-start=\"690\" data-end=\"707\">a uma digitaliza\u00e7\u00e3o de dist\u00e2ncia<\/strong>.<\/p>\n","protected":false},"excerpt":{"rendered":"<p>Preserve uma hist\u00f3ria que merece ser vivida<\/p>\n","protected":false},"featured_media":3454,"template":"","meta":{"inline_featured_image":false},"product_brand":[270],"product_cat":[139],"product_tag":[],"class_list":{"0":"post-3452","1":"product","2":"type-product","3":"status-publish","4":"has-post-thumbnail","6":"product_brand-memorias","7":"product_cat-paginas","9":"first","10":"instock","11":"sale","12":"sold-individually","13":"taxable","14":"shipping-taxable","15":"purchasable","16":"product-type-simple"},"_links":{"self":[{"href":"https:\/\/talesofmemories.com\/pt-pt\/wp-json\/wp\/v2\/product\/3452","targetHints":{"allow":["GET"]}}],"collection":[{"href":"https:\/\/talesofmemories.com\/pt-pt\/wp-json\/wp\/v2\/product"}],"about":[{"href":"https:\/\/talesofmemories.com\/pt-pt\/wp-json\/wp\/v2\/types\/product"}],"wp:featuredmedia":[{"embeddable":true,"href":"https:\/\/talesofmemories.com\/pt-pt\/wp-json\/wp\/v2\/media\/3454"}],"wp:attachment":[{"href":"https:\/\/talesofmemories.com\/pt-pt\/wp-json\/wp\/v2\/media?parent=3452"}],"wp:term":[{"taxonomy":"product_brand","embeddable":true,"href":"https:\/\/talesofmemories.com\/pt-pt\/wp-json\/wp\/v2\/product_brand?post=3452"},{"taxonomy":"product_cat","embeddable":true,"href":"https:\/\/talesofmemories.com\/pt-pt\/wp-json\/wp\/v2\/product_cat?post=3452"},{"taxonomy":"product_tag","embeddable":true,"href":"https:\/\/talesofmemories.com\/pt-pt\/wp-json\/wp\/v2\/product_tag?post=3452"}],"curies":[{"name":"wp","href":"https:\/\/api.w.org\/{rel}","templated":true}]}}