{"id":1864,"date":"2025-03-05T11:19:13","date_gmt":"2025-03-05T09:19:13","guid":{"rendered":"https:\/\/talesofmemories.com\/product\/pagina-celebracoes\/"},"modified":"2025-05-07T10:17:12","modified_gmt":"2025-05-07T07:17:12","slug":"pagina-celebracoes","status":"publish","type":"product","link":"https:\/\/talesofmemories.com\/pt-pt\/produto\/pagina-celebracoes\/","title":{"rendered":"Celebra\u00e7\u00f5es"},"content":{"rendered":"<p data-start=\"99\" data-end=\"385\">Os momentos especiais da vida merecem ser celebrados. A p\u00e1gina de celebra\u00e7\u00e3o ajuda a <strong data-start=\"179\" data-end=\"251\">planear, organizar e preservar as mem\u00f3rias do seu evento num s\u00f3 lugar<\/strong>. Seja um casamento, anivers\u00e1rio, gradua\u00e7\u00e3o ou outro marco, esta p\u00e1gina apoia-o em cada fase da celebra\u00e7\u00e3o.  <\/p>\n<p data-start=\"387\" data-end=\"662\">Antes do evento, pode utilizar a p\u00e1gina como uma <strong data-start=\"431\" data-end=\"448\">ferramenta de planeamento<\/strong> para <strong data-start=\"452\" data-end=\"522\">atribuir tarefas, gerir convites e reunir todos os detalhes importantes<\/strong>. Durante a celebra\u00e7\u00e3o, os convidados podem <strong data-start=\"559\" data-end=\"610\">carregar fotografias e v\u00eddeos e assinar o livro de visitas<\/strong>, assegurando que todos os momentos especiais s\u00e3o preservados. <\/p>\n<p data-start=\"664\" data-end=\"874\"><strong data-start=\"664\" data-end=\"715\">-Torne o acesso f\u00e1cil com produtos de mem\u00f3ria QR!<\/strong> Coloque um <strong data-start=\"724\" data-end=\"777\">c\u00f3digo QR nos convites, decora\u00e7\u00f5es ou lembrancinhas<\/strong>, permitindo que todos acessem facilmente a p\u00e1gina da celebra\u00e7\u00e3o e revisitem as mem\u00f3rias do evento mais tarde.<\/p>\n","protected":false},"excerpt":{"rendered":"<p>Torne as Suas Celebra\u00e7\u00f5es Inesquec\u00edveis \u2013 Desde o Planeamento at\u00e9 \u00e0s Mem\u00f3rias<\/p>\n<p><strong data-start=\"404\" data-end=\"420\">Nota:<\/strong> Durante a pr\u00e9-venda, apenas est\u00e1 dispon\u00edvel a <strong data-start=\"447\" data-end=\"462\">p\u00e1gina de mem\u00f3rias<\/strong>. As funcionalidades de planeamento de eventos e as melhorias nas celebra\u00e7\u00f5es em direto ser\u00e3o <strong data-start=\"547\" data-end=\"572\" data-is-only-node=\"\">lan\u00e7adas ap\u00f3s o lan\u00e7amento<\/strong> e podem ser adquiridas separadamente. <\/p>\n","protected":false},"featured_media":1613,"template":"","meta":{"inline_featured_image":false},"product_brand":[222],"product_cat":[139],"product_tag":[],"class_list":{"0":"post-1864","1":"product","2":"type-product","3":"status-publish","4":"has-post-thumbnail","6":"product_brand-celebracoes","7":"product_cat-paginas","9":"first","10":"instock","11":"sale","12":"sold-individually","13":"taxable","14":"shipping-taxable","15":"purchasable","16":"product-type-simple"},"_links":{"self":[{"href":"https:\/\/talesofmemories.com\/pt-pt\/wp-json\/wp\/v2\/product\/1864","targetHints":{"allow":["GET"]}}],"collection":[{"href":"https:\/\/talesofmemories.com\/pt-pt\/wp-json\/wp\/v2\/product"}],"about":[{"href":"https:\/\/talesofmemories.com\/pt-pt\/wp-json\/wp\/v2\/types\/product"}],"wp:featuredmedia":[{"embeddable":true,"href":"https:\/\/talesofmemories.com\/pt-pt\/wp-json\/wp\/v2\/media\/1613"}],"wp:attachment":[{"href":"https:\/\/talesofmemories.com\/pt-pt\/wp-json\/wp\/v2\/media?parent=1864"}],"wp:term":[{"taxonomy":"product_brand","embeddable":true,"href":"https:\/\/talesofmemories.com\/pt-pt\/wp-json\/wp\/v2\/product_brand?post=1864"},{"taxonomy":"product_cat","embeddable":true,"href":"https:\/\/talesofmemories.com\/pt-pt\/wp-json\/wp\/v2\/product_cat?post=1864"},{"taxonomy":"product_tag","embeddable":true,"href":"https:\/\/talesofmemories.com\/pt-pt\/wp-json\/wp\/v2\/product_tag?post=1864"}],"curies":[{"name":"wp","href":"https:\/\/api.w.org\/{rel}","templated":true}]}}