{"id":1852,"date":"2025-03-05T11:19:34","date_gmt":"2025-03-05T09:19:34","guid":{"rendered":"https:\/\/talesofmemories.com\/product\/pagina-carreira\/"},"modified":"2025-05-07T10:17:58","modified_gmt":"2025-05-07T07:17:58","slug":"pagina-carreira","status":"publish","type":"product","link":"https:\/\/talesofmemories.com\/pt-pt\/produto\/pagina-carreira\/","title":{"rendered":"Carreira"},"content":{"rendered":"<p data-start=\"89\" data-end=\"357\">Cada carreira \u00e9 \u00fanica\u2014seja voc\u00ea um <strong data-start=\"130\" data-end=\"187\">soldado, bombeiro(a), m\u00e9dico(a), empreendedor(a) ou artista<\/strong>. A p\u00e1gina de carreira permite <strong data-start=\"219\" data-end=\"308\">documentar a sua jornada profissional, registar marcos chave, projetos e conquistas<\/strong>, e partilhar a sua hist\u00f3ria com as futuras gera\u00e7\u00f5es. <\/p>\n<p data-start=\"359\" data-end=\"611\">Pode <strong data-start=\"367\" data-end=\"405\">adicionar fotos, v\u00eddeos e uma linha do tempo<\/strong> marcando os momentos mais significativos da sua carreira\u2014como <strong data-start=\"459\" data-end=\"521\">o seu primeiro emprego, promo\u00e7\u00f5es, grandes projetos e reforma<\/strong>. A p\u00e1gina de carreira pode servir tanto como um <strong data-start=\"559\" data-end=\"597\">registo pessoal quanto uma inspira\u00e7\u00e3o<\/strong> para os outros. <\/p>\n<p data-start=\"613\" data-end=\"792\"><strong data-start=\"613\" data-end=\"678\">Com um c\u00f3digo QR, a hist\u00f3ria da sua carreira est\u00e1 sempre facilmente acess\u00edvel<\/strong> pode transformar a sua p\u00e1gina de carreira numa <strong data-start=\"721\" data-end=\"789\">recorda\u00e7\u00e3o, como um certificado emoldurado ou uma placa comemorativa<\/strong>.<\/p>\n","protected":false},"excerpt":{"rendered":"<p>Preserve os Seus Momentos e Marcos Mais Importantes da Carreira<\/p>\n","protected":false},"featured_media":1610,"template":"","meta":{"inline_featured_image":false},"product_brand":[213],"product_cat":[139],"product_tag":[],"class_list":{"0":"post-1852","1":"product","2":"type-product","3":"status-publish","4":"has-post-thumbnail","6":"product_brand-carreira","7":"product_cat-paginas","9":"first","10":"instock","11":"sale","12":"sold-individually","13":"taxable","14":"shipping-taxable","15":"purchasable","16":"product-type-simple"},"_links":{"self":[{"href":"https:\/\/talesofmemories.com\/pt-pt\/wp-json\/wp\/v2\/product\/1852","targetHints":{"allow":["GET"]}}],"collection":[{"href":"https:\/\/talesofmemories.com\/pt-pt\/wp-json\/wp\/v2\/product"}],"about":[{"href":"https:\/\/talesofmemories.com\/pt-pt\/wp-json\/wp\/v2\/types\/product"}],"wp:featuredmedia":[{"embeddable":true,"href":"https:\/\/talesofmemories.com\/pt-pt\/wp-json\/wp\/v2\/media\/1610"}],"wp:attachment":[{"href":"https:\/\/talesofmemories.com\/pt-pt\/wp-json\/wp\/v2\/media?parent=1852"}],"wp:term":[{"taxonomy":"product_brand","embeddable":true,"href":"https:\/\/talesofmemories.com\/pt-pt\/wp-json\/wp\/v2\/product_brand?post=1852"},{"taxonomy":"product_cat","embeddable":true,"href":"https:\/\/talesofmemories.com\/pt-pt\/wp-json\/wp\/v2\/product_cat?post=1852"},{"taxonomy":"product_tag","embeddable":true,"href":"https:\/\/talesofmemories.com\/pt-pt\/wp-json\/wp\/v2\/product_tag?post=1852"}],"curies":[{"name":"wp","href":"https:\/\/api.w.org\/{rel}","templated":true}]}}