{"id":1799,"date":"2025-03-06T13:28:34","date_gmt":"2025-03-06T11:28:34","guid":{"rendered":"https:\/\/talesofmemories.com\/product\/pagina-prestadores-de-servicos\/"},"modified":"2025-05-07T10:18:15","modified_gmt":"2025-05-07T07:18:15","slug":"pagina-prestadores-de-servicos","status":"publish","type":"product","link":"https:\/\/talesofmemories.com\/pt-pt\/produto\/pagina-prestadores-de-servicos\/","title":{"rendered":"Prestadores de servi\u00e7os"},"content":{"rendered":"<p data-start=\"62\" data-end=\"222\">A nossa plataforma ajuda <strong data-start=\"81\" data-end=\"113\">os empres\u00e1rios e as empresas<\/strong> de duas formas fundamentais: <strong data-start=\"131\" data-end=\"169\">preservando os marcos profissionais<\/strong> e <strong data-start=\"174\" data-end=\"219\" data-is-only-node=\"\">ligando os prestadores de servi\u00e7os aos clientes<\/strong>.<\/p>\n<p data-start=\"224\" data-end=\"423\">Se quiser documentar a sua <strong data-start=\"253\" data-end=\"283\">carreira ou o teu percurso profissional<\/strong>, as p\u00e1ginas <strong data-start=\"289\" data-end=\"299\">Carreira<\/strong> e <strong data-start=\"304\" data-end=\"316\" data-is-only-node=\"\">Mem\u00f3rias<\/strong> permitem-lhe guardar as principais realiza\u00e7\u00f5es, momentos significativos e a hist\u00f3ria da sua empresa num \u00fanico local.<\/p>\n<p data-start=\"425\" data-end=\"652\">Para <strong data-start=\"429\" data-end=\"450\">prestadores de servi\u00e7os<\/strong>\u2014incluindo <strong data-start=\"461\" data-end=\"551\">catering, fot\u00f3grafos, locais de eventos, floristas, profissionais de entretenimento e muito mais<\/strong>\u2014esta plataforma traz-lhe clientes que est\u00e3o a <strong data-start=\"595\" data-end=\"649\" data-is-only-node=\"\">planear eventos ou simplesmente precisam dos seus servi\u00e7os<\/strong>.<\/p>\n<p data-start=\"654\" data-end=\"871\">Embora este servi\u00e7o funcione separadamente da nossa plataforma de mem\u00f3ria, est\u00e1 <strong data-start=\"725\" data-end=\"765\">integrado na p\u00e1gina Celebra\u00e7\u00f5es<\/strong>, permitindo que os organizadores de eventos <strong data-start=\"796\" data-end=\"868\">encontrem fornecedores, enviem pedidos de servi\u00e7os diretos e publiquem an\u00fancios abertos<\/strong>.<\/p>\n<p data-start=\"654\" data-end=\"871\"><strong>Esta plataforma est\u00e1 aberta a todos,<\/strong> independentemente de ser ou n\u00e3o um utilizador da p\u00e1gina de mem\u00f3rias, permitindo-lhe estabelecer contacto com um p\u00fablico mais vasto que procura ativamente os seus servi\u00e7os.<\/p>\n","protected":false},"excerpt":{"rendered":"<p>Expanda o Seu Neg\u00f3cio com a Nossa Plataforma de Prestadores de Servi\u00e7os - <strong>Aproveite 2 Anos pelo Pre\u00e7o de 1<\/strong><\/p>\n","protected":false},"featured_media":1800,"template":"","meta":{"inline_featured_image":false},"product_brand":[170],"product_cat":[139],"product_tag":[],"class_list":{"0":"post-1799","1":"product","2":"type-product","3":"status-publish","4":"has-post-thumbnail","6":"product_brand-para-empresas","7":"product_cat-paginas","9":"first","10":"instock","11":"sold-individually","12":"taxable","13":"shipping-taxable","14":"purchasable","15":"product-type-simple"},"_links":{"self":[{"href":"https:\/\/talesofmemories.com\/pt-pt\/wp-json\/wp\/v2\/product\/1799","targetHints":{"allow":["GET"]}}],"collection":[{"href":"https:\/\/talesofmemories.com\/pt-pt\/wp-json\/wp\/v2\/product"}],"about":[{"href":"https:\/\/talesofmemories.com\/pt-pt\/wp-json\/wp\/v2\/types\/product"}],"wp:featuredmedia":[{"embeddable":true,"href":"https:\/\/talesofmemories.com\/pt-pt\/wp-json\/wp\/v2\/media\/1800"}],"wp:attachment":[{"href":"https:\/\/talesofmemories.com\/pt-pt\/wp-json\/wp\/v2\/media?parent=1799"}],"wp:term":[{"taxonomy":"product_brand","embeddable":true,"href":"https:\/\/talesofmemories.com\/pt-pt\/wp-json\/wp\/v2\/product_brand?post=1799"},{"taxonomy":"product_cat","embeddable":true,"href":"https:\/\/talesofmemories.com\/pt-pt\/wp-json\/wp\/v2\/product_cat?post=1799"},{"taxonomy":"product_tag","embeddable":true,"href":"https:\/\/talesofmemories.com\/pt-pt\/wp-json\/wp\/v2\/product_tag?post=1799"}],"curies":[{"name":"wp","href":"https:\/\/api.w.org\/{rel}","templated":true}]}}