{"id":3457,"date":"2025-03-05T11:19:52","date_gmt":"2025-03-05T09:19:52","guid":{"rendered":"https:\/\/talesofmemories.com\/product\/strona-wspomnienia\/"},"modified":"2025-05-07T10:18:07","modified_gmt":"2025-05-07T07:18:07","slug":"strona-wspomnienia","status":"publish","type":"product","link":"https:\/\/talesofmemories.com\/pl\/produkt\/strona-wspomnienia\/","title":{"rendered":"Wspomnienia"},"content":{"rendered":"<p data-start=\"68\" data-end=\"310\">Nie wszystkie wspomnienia dotycz\u0105 ludzi - czasami chcemy <strong data-start=\"123\" data-end=\"208\">zachowa\u0107 histori\u0119 firmy, zespo\u0142u, wydarzenia lub innej wa\u017cnej historii<\/strong>. <strong data-start=\"214\" data-end=\"231\">Strona Wspomnienia<\/strong> pozwala <strong data-start=\"246\" data-end=\"307\">dokumentowa\u0107 wa\u017cne kamienie milowe i przechowywa\u0107 je w jednym miejscu<\/strong>. <\/p>\n<p data-start=\"312\" data-end=\"517\">Dodaj <strong data-start=\"316\" data-end=\"350\">zdj\u0119cia, filmy i o\u015b czasu<\/strong>, aby zaznaczy\u0107 <strong data-start=\"359\" data-end=\"420\">kluczowe wydarzenia, osi\u0105gni\u0119cia i niezapomniane chwile<\/strong>. Strona wspomnie\u0144 <strong data-start=\"438\" data-end=\"514\">utrzymuje histori\u0119 przy \u017cyciu i u\u0142atwia dzielenie si\u0119 ni\u0105 z tymi, kt\u00f3rzy j\u0105 ceni\u0105<\/strong>. <\/p>\n<p data-start=\"519\" data-end=\"710\"><strong data-start=\"519\" data-end=\"571\">Dzi\u0119ki kodowi QR wspomnienia s\u0105 zawsze w zasi\u0119gu r\u0119ki <\/strong>- umie\u015b\u0107 ich w siedzibie <strong data-start=\"584\" data-end=\"654\">firmy, na plakatach koncertowych lub na tablicy pami\u0105tkowej, zapewniaj\u0105c<\/strong>, \u017ce historia jest w zasi\u0119gu <strong data-start=\"690\" data-end=\"707\">jednego skanu.<\/strong><\/p>\n","protected":false},"excerpt":{"rendered":"<p>Zachowaj histori\u0119, kt\u00f3ra zas\u0142uguje na \u017cycie<\/p>\n","protected":false},"featured_media":3458,"template":"","meta":{"inline_featured_image":false},"product_brand":[271],"product_cat":[143],"product_tag":[],"class_list":{"0":"post-3457","1":"product","2":"type-product","3":"status-publish","4":"has-post-thumbnail","6":"product_brand-wspomnienia","7":"product_cat-strony","9":"first","10":"instock","11":"sale","12":"sold-individually","13":"taxable","14":"shipping-taxable","15":"purchasable","16":"product-type-simple"},"_links":{"self":[{"href":"https:\/\/talesofmemories.com\/pl\/wp-json\/wp\/v2\/product\/3457","targetHints":{"allow":["GET"]}}],"collection":[{"href":"https:\/\/talesofmemories.com\/pl\/wp-json\/wp\/v2\/product"}],"about":[{"href":"https:\/\/talesofmemories.com\/pl\/wp-json\/wp\/v2\/types\/product"}],"wp:featuredmedia":[{"embeddable":true,"href":"https:\/\/talesofmemories.com\/pl\/wp-json\/wp\/v2\/media\/3458"}],"wp:attachment":[{"href":"https:\/\/talesofmemories.com\/pl\/wp-json\/wp\/v2\/media?parent=3457"}],"wp:term":[{"taxonomy":"product_brand","embeddable":true,"href":"https:\/\/talesofmemories.com\/pl\/wp-json\/wp\/v2\/product_brand?post=3457"},{"taxonomy":"product_cat","embeddable":true,"href":"https:\/\/talesofmemories.com\/pl\/wp-json\/wp\/v2\/product_cat?post=3457"},{"taxonomy":"product_tag","embeddable":true,"href":"https:\/\/talesofmemories.com\/pl\/wp-json\/wp\/v2\/product_tag?post=3457"}],"curies":[{"name":"wp","href":"https:\/\/api.w.org\/{rel}","templated":true}]}}