{"id":1866,"date":"2025-03-05T11:19:13","date_gmt":"2025-03-05T09:19:13","guid":{"rendered":"https:\/\/talesofmemories.com\/product\/strona-uroczystosci\/"},"modified":"2025-05-07T10:17:13","modified_gmt":"2025-05-07T07:17:13","slug":"strona-uroczystosci","status":"publish","type":"product","link":"https:\/\/talesofmemories.com\/pl\/produkt\/strona-uroczystosci\/","title":{"rendered":"Uroczysto\u015bci"},"content":{"rendered":"<p data-start=\"99\" data-end=\"385\">Wyj\u0105tkowe chwile w \u017cyciu zas\u0142uguj\u0105 na uczczenie. Strona uroczysto\u015bci pomaga <strong data-start=\"179\" data-end=\"251\">zaplanowa\u0107, zorganizowa\u0107 i zachowa\u0107 wspomnienia z wydarzenia w jednym miejscu<\/strong>. Niezale\u017cnie od tego, czy jest to \u015blub, urodziny, uko\u0144czenie szko\u0142y czy inny kamie\u0144 milowy, ta strona wspiera Ci\u0119 na ka\u017cdym etapie uroczysto\u015bci.  <\/p>\n<p data-start=\"387\" data-end=\"662\">Przed wydarzeniem mo\u017cna u\u017cy\u0107 strony jako <strong data-start=\"431\" data-end=\"448\">narz\u0119dzia do planowania<\/strong>, aby <strong data-start=\"452\" data-end=\"522\">przydzieli\u0107 zadania, zarz\u0105dza\u0107 zaproszeniami i zebra\u0107 wszystkie wa\u017cne szczeg\u00f3\u0142y<\/strong>. Podczas uroczysto\u015bci go\u015bcie mog\u0105 <strong data-start=\"559\" data-end=\"610\">przesy\u0142a\u0107 zdj\u0119cia i filmy oraz podpisywa\u0107 si\u0119 w ksi\u0119dze go\u015bci<\/strong>, zapewniaj\u0105c, \u017ce ka\u017cda wyj\u0105tkowa chwila zostanie zachowana. <\/p>\n<p data-start=\"664\" data-end=\"874\"><strong data-start=\"664\" data-end=\"715\">U\u0142atw dost\u0119p dzi\u0119ki produktom pami\u0119ci QR!<\/strong> Umie\u015b\u0107 <strong data-start=\"724\" data-end=\"777\">kod QR na zaproszeniach, dekoracjach lub pami\u0105tkach<\/strong>, umo\u017cliwiaj\u0105c wszystkim \u0142atwy dost\u0119p do strony uroczysto\u015bci i p\u00f3\u017aniejszy powr\u00f3t do wspomnie\u0144 z wydarzenia.<\/p>\n","protected":false},"excerpt":{"rendered":"<p>Niezapomniane uroczysto\u015bci - od planowania do wspomnie\u0144<\/p>\n<p><strong data-start=\"404\" data-end=\"420\">Uwaga:<\/strong> w przedsprzeda\u017cy dost\u0119pna jest tylko <strong data-start=\"447\" data-end=\"462\">strona wspomnie\u0144<\/strong>. Funkcje planowania wydarze\u0144 i ulepsze\u0144 uroczysto\u015bci na \u017cywo zostan\u0105 <strong data-start=\"547\" data-end=\"572\" data-is-only-node=\"\">udost\u0119pnione po premierze<\/strong> i b\u0119dzie mo\u017cna je zakupi\u0107 osobno. <\/p>\n","protected":false},"featured_media":1628,"template":"","meta":{"inline_featured_image":false},"product_brand":[224],"product_cat":[143],"product_tag":[],"class_list":{"0":"post-1866","1":"product","2":"type-product","3":"status-publish","4":"has-post-thumbnail","6":"product_brand-uroczystosci","7":"product_cat-strony","9":"first","10":"instock","11":"sale","12":"sold-individually","13":"taxable","14":"shipping-taxable","15":"purchasable","16":"product-type-simple"},"_links":{"self":[{"href":"https:\/\/talesofmemories.com\/pl\/wp-json\/wp\/v2\/product\/1866","targetHints":{"allow":["GET"]}}],"collection":[{"href":"https:\/\/talesofmemories.com\/pl\/wp-json\/wp\/v2\/product"}],"about":[{"href":"https:\/\/talesofmemories.com\/pl\/wp-json\/wp\/v2\/types\/product"}],"wp:featuredmedia":[{"embeddable":true,"href":"https:\/\/talesofmemories.com\/pl\/wp-json\/wp\/v2\/media\/1628"}],"wp:attachment":[{"href":"https:\/\/talesofmemories.com\/pl\/wp-json\/wp\/v2\/media?parent=1866"}],"wp:term":[{"taxonomy":"product_brand","embeddable":true,"href":"https:\/\/talesofmemories.com\/pl\/wp-json\/wp\/v2\/product_brand?post=1866"},{"taxonomy":"product_cat","embeddable":true,"href":"https:\/\/talesofmemories.com\/pl\/wp-json\/wp\/v2\/product_cat?post=1866"},{"taxonomy":"product_tag","embeddable":true,"href":"https:\/\/talesofmemories.com\/pl\/wp-json\/wp\/v2\/product_tag?post=1866"}],"curies":[{"name":"wp","href":"https:\/\/api.w.org\/{rel}","templated":true}]}}