{"id":1854,"date":"2025-03-05T11:19:34","date_gmt":"2025-03-05T09:19:34","guid":{"rendered":"https:\/\/talesofmemories.com\/product\/strona-kariera\/"},"modified":"2025-05-07T10:17:59","modified_gmt":"2025-05-07T07:17:59","slug":"strona-kariera","status":"publish","type":"product","link":"https:\/\/talesofmemories.com\/pl\/produkt\/strona-kariera\/","title":{"rendered":"Kariera"},"content":{"rendered":"<p data-start=\"89\" data-end=\"357\">Ka\u017cda kariera jest wyj\u0105tkowa - niezale\u017cnie od tego, czy jeste\u015b <strong data-start=\"130\" data-end=\"187\">\u017co\u0142nierzem, stra\u017cakiem, lekarzem, przedsi\u0119biorc\u0105 czy artyst\u0105<\/strong>. Strona kariery pozwala <strong data-start=\"219\" data-end=\"308\">udokumentowa\u0107 swoj\u0105 drog\u0119 zawodow\u0105, zapisa\u0107 kluczowe kamienie milowe, projekty i osi\u0105gni\u0119cia<\/strong> oraz podzieli\u0107 si\u0119 swoj\u0105 histori\u0105 z przysz\u0142ymi pokoleniami. <\/p>\n<p data-start=\"359\" data-end=\"611\">Mo\u017cesz <strong data-start=\"367\" data-end=\"405\">dodawa\u0107 zdj\u0119cia, filmy i o\u015b czasu<\/strong> oznaczaj\u0105c\u0105 najwa\u017cniejsze momenty w karierze - takie jak <strong data-start=\"459\" data-end=\"521\">pierwsza praca, awanse, du\u017ce projekty i przej\u015bcie na emerytur\u0119<\/strong>. Strona kariery mo\u017ce s\u0142u\u017cy\u0107 zar\u00f3wno jako <strong data-start=\"559\" data-end=\"597\">osobisty zapis, jak i inspiracja<\/strong> dla innych. <\/p>\n<p data-start=\"613\" data-end=\"792\"><strong data-start=\"613\" data-end=\"678\">Dzi\u0119ki kodowi QR historia kariery jest zawsze \u0142atwo dost\u0119pna<\/strong>, a stron\u0119 kariery mo\u017cna przekszta\u0142ci\u0107 w <strong data-start=\"721\" data-end=\"789\">pami\u0105tk\u0119, tak\u0105 jak oprawiony certyfikat lub tablica pami\u0105tkowa<\/strong>.<\/p>\n","protected":false},"excerpt":{"rendered":"<p>Zachowaj najwa\u017cniejsze kamienie milowe kariery i wspomnienia<\/p>\n","protected":false},"featured_media":1625,"template":"","meta":{"inline_featured_image":false},"product_brand":[215],"product_cat":[143],"product_tag":[],"class_list":{"0":"post-1854","1":"product","2":"type-product","3":"status-publish","4":"has-post-thumbnail","6":"product_brand-kariera","7":"product_cat-strony","9":"first","10":"instock","11":"sale","12":"sold-individually","13":"taxable","14":"shipping-taxable","15":"purchasable","16":"product-type-simple"},"_links":{"self":[{"href":"https:\/\/talesofmemories.com\/pl\/wp-json\/wp\/v2\/product\/1854","targetHints":{"allow":["GET"]}}],"collection":[{"href":"https:\/\/talesofmemories.com\/pl\/wp-json\/wp\/v2\/product"}],"about":[{"href":"https:\/\/talesofmemories.com\/pl\/wp-json\/wp\/v2\/types\/product"}],"wp:featuredmedia":[{"embeddable":true,"href":"https:\/\/talesofmemories.com\/pl\/wp-json\/wp\/v2\/media\/1625"}],"wp:attachment":[{"href":"https:\/\/talesofmemories.com\/pl\/wp-json\/wp\/v2\/media?parent=1854"}],"wp:term":[{"taxonomy":"product_brand","embeddable":true,"href":"https:\/\/talesofmemories.com\/pl\/wp-json\/wp\/v2\/product_brand?post=1854"},{"taxonomy":"product_cat","embeddable":true,"href":"https:\/\/talesofmemories.com\/pl\/wp-json\/wp\/v2\/product_cat?post=1854"},{"taxonomy":"product_tag","embeddable":true,"href":"https:\/\/talesofmemories.com\/pl\/wp-json\/wp\/v2\/product_tag?post=1854"}],"curies":[{"name":"wp","href":"https:\/\/api.w.org\/{rel}","templated":true}]}}