{"id":1802,"date":"2025-03-06T13:28:34","date_gmt":"2025-03-06T11:28:34","guid":{"rendered":"https:\/\/talesofmemories.com\/product\/strona-dostawcy-uslug\/"},"modified":"2025-05-07T10:18:16","modified_gmt":"2025-05-07T07:18:16","slug":"strona-dostawcy-uslug","status":"publish","type":"product","link":"https:\/\/talesofmemories.com\/pl\/produkt\/strona-dostawcy-uslug\/","title":{"rendered":"Us\u0142ugodawcy"},"content":{"rendered":"<p data-start=\"62\" data-end=\"222\">Nasza platforma pomaga <strong data-start=\"81\" data-end=\"113\">przedsi\u0119biorcom i firmom<\/strong> na dwa kluczowe sposoby: <strong data-start=\"131\" data-end=\"169\">zachowuj\u0105c zawodowe kamienie milowe<\/strong> i <strong data-start=\"174\" data-end=\"219\" data-is-only-node=\"\">\u0142\u0105cz\u0105c us\u0142ugodawc\u00f3w z klientami<\/strong>.<\/p>\n<p data-start=\"224\" data-end=\"423\">Je\u015bli chcesz udokumentowa\u0107 swoj\u0105 <strong data-start=\"253\" data-end=\"283\">karier\u0119 lub podr\u00f3\u017c biznesow\u0105<\/strong>, strony <strong data-start=\"289\" data-end=\"299\">Kariera<\/strong> i <strong data-start=\"304\" data-end=\"316\" data-is-only-node=\"\">Wspomnienia<\/strong> umo\u017cliwiaj\u0105 przechowywanie kluczowych osi\u0105gni\u0119\u0107, wa\u017cnych moment\u00f3w i historii firmy w jednym miejscu.<\/p>\n<p data-start=\"425\" data-end=\"652\">Dla <strong data-start=\"429\" data-end=\"450\">us\u0142ugodawc\u00f3w - w tym<\/strong> <strong data-start=\"461\" data-end=\"551\">firm cateringowych, fotograf\u00f3w, miejsc wydarze\u0144, kwiaciarni, specjalist\u00f3w od rozrywki i nie tylko -<\/strong>platforma ta zapewnia klient\u00f3w, kt\u00f3rzy <strong data-start=\"595\" data-end=\"649\" data-is-only-node=\"\">planuj\u0105 wydarzenia lub po prostu potrzebuj\u0105 Twoich us\u0142ug<\/strong>.<\/p>\n<p data-start=\"654\" data-end=\"871\">Chocia\u017c us\u0142uga ta dzia\u0142a niezale\u017cnie od naszej platformy wspomnie\u0144, jest <strong data-start=\"725\" data-end=\"765\">zintegrowana ze stron\u0105 Uroczysto\u015bci<\/strong>, umo\u017cliwiaj\u0105c organizatorom wydarze\u0144 <strong data-start=\"796\" data-end=\"868\">znajdowanie dostawc\u00f3w, wysy\u0142anie bezpo\u015brednich zapyta\u0144 o us\u0142ugi i publikowanie otwartych ofert<\/strong>.<\/p>\n<p data-start=\"654\" data-end=\"871\"><strong>Platforma ta jest otwarta dla wszystkich,<\/strong> niezale\u017cnie od tego, czy jeste\u015b u\u017cytkownikiem strony wspomnie\u0144, czy nie, umo\u017cliwiaj\u0105c ci nawi\u0105zanie kontaktu z szersz\u0105 publiczno\u015bci\u0105 aktywnie poszukuj\u0105c\u0105 Twoich us\u0142ug.<\/p>\n","protected":false},"excerpt":{"rendered":"<p>Rozwi\u0144 swoj\u0105 dzia\u0142alno\u015b\u0107 dzi\u0119ki naszej platformie dla us\u0142ugodawc\u00f3w - <strong>uzyskaj 2 lata w cenie 1<\/strong><\/p>\n","protected":false},"featured_media":1804,"template":"","meta":{"inline_featured_image":false},"product_brand":[172],"product_cat":[143],"product_tag":[],"class_list":{"0":"post-1802","1":"product","2":"type-product","3":"status-publish","4":"has-post-thumbnail","6":"product_brand-dla-biznesu","7":"product_cat-strony","9":"first","10":"instock","11":"sold-individually","12":"taxable","13":"shipping-taxable","14":"purchasable","15":"product-type-simple"},"_links":{"self":[{"href":"https:\/\/talesofmemories.com\/pl\/wp-json\/wp\/v2\/product\/1802","targetHints":{"allow":["GET"]}}],"collection":[{"href":"https:\/\/talesofmemories.com\/pl\/wp-json\/wp\/v2\/product"}],"about":[{"href":"https:\/\/talesofmemories.com\/pl\/wp-json\/wp\/v2\/types\/product"}],"wp:featuredmedia":[{"embeddable":true,"href":"https:\/\/talesofmemories.com\/pl\/wp-json\/wp\/v2\/media\/1804"}],"wp:attachment":[{"href":"https:\/\/talesofmemories.com\/pl\/wp-json\/wp\/v2\/media?parent=1802"}],"wp:term":[{"taxonomy":"product_brand","embeddable":true,"href":"https:\/\/talesofmemories.com\/pl\/wp-json\/wp\/v2\/product_brand?post=1802"},{"taxonomy":"product_cat","embeddable":true,"href":"https:\/\/talesofmemories.com\/pl\/wp-json\/wp\/v2\/product_cat?post=1802"},{"taxonomy":"product_tag","embeddable":true,"href":"https:\/\/talesofmemories.com\/pl\/wp-json\/wp\/v2\/product_tag?post=1802"}],"curies":[{"name":"wp","href":"https:\/\/api.w.org\/{rel}","templated":true}]}}