{"id":1950,"date":"2025-03-05T11:17:51","date_gmt":"2025-03-05T09:17:51","guid":{"rendered":"https:\/\/talesofmemories.com\/product\/side-for-barn\/"},"modified":"2025-05-07T10:15:16","modified_gmt":"2025-05-07T07:15:16","slug":"side-for-barn","status":"publish","type":"product","link":"https:\/\/talesofmemories.com\/no\/produkt\/side-for-barn\/","title":{"rendered":"For barn"},"content":{"rendered":"<p data-start=\"91\" data-end=\"373\">De f\u00f8rste ordene, de f\u00f8rste skrittene, bursdagene og de sm\u00e5 gledene i hverdagen - barndommen er full av \u00f8yeblikk som du vil huske for alltid. Denne minnesiden er laget for barn i alderen 0-18 \u00e5r, slik at du kan <strong data-start=\"296\" data-end=\"370\">dokumentere barnets vekst og utvikling fra spedbarnsalder til voksen<\/strong> alder. <\/p>\n<p data-start=\"375\" data-end=\"577\">F\u00f8lg med p\u00e5 barnets milep\u00e6ler, lagre verdifulle bilder og videoer, og <strong data-start=\"443\" data-end=\"477\">del siden med<\/strong> dem du er glad i, slik at de kan f\u00f8lge barnets reise og feire viktige \u00f8yeblikk - uansett hvor de befinner seg.<\/p>\n<p data-start=\"579\" data-end=\"725\" data-is-last-node=\"\" data-is-only-node=\"\"><strong data-start=\"579\" data-end=\"624\">Gj\u00f8r det enkelt \u00e5 f\u00e5 tilgang med QR-minneprodukter!<\/strong>  Et halskjede, en plakett eller et annet minnesmerke gir \u00f8yeblikkelig tilgang til minnesiden med bare \u00e9n skanning.<\/p>\n","protected":false},"excerpt":{"rendered":"<p>Bevar barnets historie - fra f\u00f8dsel til voksen alder<\/p>\n","protected":false},"featured_media":1546,"template":"","meta":{"inline_featured_image":false},"product_brand":[146],"product_cat":[147],"product_tag":[],"class_list":{"0":"post-1950","1":"product","2":"type-product","3":"status-publish","4":"has-post-thumbnail","6":"product_brand-for-barn-no","7":"product_cat-sider","9":"first","10":"instock","11":"sale","12":"sold-individually","13":"taxable","14":"shipping-taxable","15":"purchasable","16":"product-type-variable"},"_links":{"self":[{"href":"https:\/\/talesofmemories.com\/no\/wp-json\/wp\/v2\/product\/1950","targetHints":{"allow":["GET"]}}],"collection":[{"href":"https:\/\/talesofmemories.com\/no\/wp-json\/wp\/v2\/product"}],"about":[{"href":"https:\/\/talesofmemories.com\/no\/wp-json\/wp\/v2\/types\/product"}],"wp:featuredmedia":[{"embeddable":true,"href":"https:\/\/talesofmemories.com\/no\/wp-json\/wp\/v2\/media\/1546"}],"wp:attachment":[{"href":"https:\/\/talesofmemories.com\/no\/wp-json\/wp\/v2\/media?parent=1950"}],"wp:term":[{"taxonomy":"product_brand","embeddable":true,"href":"https:\/\/talesofmemories.com\/no\/wp-json\/wp\/v2\/product_brand?post=1950"},{"taxonomy":"product_cat","embeddable":true,"href":"https:\/\/talesofmemories.com\/no\/wp-json\/wp\/v2\/product_cat?post=1950"},{"taxonomy":"product_tag","embeddable":true,"href":"https:\/\/talesofmemories.com\/no\/wp-json\/wp\/v2\/product_tag?post=1950"}],"curies":[{"name":"wp","href":"https:\/\/api.w.org\/{rel}","templated":true}]}}