{"id":1900,"date":"2025-03-05T11:18:30","date_gmt":"2025-03-05T09:18:30","guid":{"rendered":"https:\/\/talesofmemories.com\/product\/side-for-kjaeledyr\/"},"modified":"2025-05-07T10:16:12","modified_gmt":"2025-05-07T07:16:12","slug":"side-for-kjaeledyr","status":"publish","type":"product","link":"https:\/\/talesofmemories.com\/no\/produkt\/side-for-kjaeledyr\/","title":{"rendered":"For kj\u00e6ledyr"},"content":{"rendered":"<p data-start=\"69\" data-end=\"321\">Kj\u00e6ledyr er familiemedlemmer som fortjener at minnene om dem varer evig Med denne minnesiden kan du <strong data-start=\"164\" data-end=\"254\">samle felles opplevelser, morsomme \u00f8yeblikk og de kj\u00e6reste minnene p\u00e5 ett sted - enten<\/strong>det gjelder et kj\u00e6ledyr som fortsatt er med deg eller et som har g\u00e5tt bort. <\/p>\n<p data-start=\"323\" data-end=\"540\">Du kan legge til bilder, videoer og viktige \u00f8yeblikk fra kj\u00e6ledyrets liv, og <strong data-start=\"400\" data-end=\"442\">dele siden med familie og venner.<\/strong> P\u00e5 denne m\u00e5ten holdes minnene i live, og du kan se tilbake p\u00e5 de mest spesielle \u00f8yeblikkene n\u00e5r du m\u00e5tte \u00f8nske det. <\/p>\n<p data-start=\"542\" data-end=\"762\"><strong data-start=\"542\" data-end=\"610\">F\u00e5 tilgang til minnesiden til kj\u00e6ledyret ditt raskt og enkelt med en QR-kode!<\/strong>  En plakett, n\u00f8kkelring eller et annet minnesmerke gir \u00f8yeblikkelig tilgang til siden med bare \u00e9n skanning - slik at du kan gjenoppleve de kj\u00e6re minnene n\u00e5r som helst.<\/p>\n","protected":false},"excerpt":{"rendered":"<p>Bevar historien om ditt kj\u00e6re kj\u00e6ledyr<\/p>\n","protected":false},"featured_media":1566,"template":"","meta":{"inline_featured_image":false},"product_brand":[254],"product_cat":[147],"product_tag":[],"class_list":{"0":"post-1900","1":"product","2":"type-product","3":"status-publish","4":"has-post-thumbnail","6":"product_brand-for-kjaeledyr","7":"product_cat-sider","9":"first","10":"instock","11":"sale","12":"sold-individually","13":"taxable","14":"shipping-taxable","15":"purchasable","16":"product-type-simple"},"_links":{"self":[{"href":"https:\/\/talesofmemories.com\/no\/wp-json\/wp\/v2\/product\/1900","targetHints":{"allow":["GET"]}}],"collection":[{"href":"https:\/\/talesofmemories.com\/no\/wp-json\/wp\/v2\/product"}],"about":[{"href":"https:\/\/talesofmemories.com\/no\/wp-json\/wp\/v2\/types\/product"}],"wp:featuredmedia":[{"embeddable":true,"href":"https:\/\/talesofmemories.com\/no\/wp-json\/wp\/v2\/media\/1566"}],"wp:attachment":[{"href":"https:\/\/talesofmemories.com\/no\/wp-json\/wp\/v2\/media?parent=1900"}],"wp:term":[{"taxonomy":"product_brand","embeddable":true,"href":"https:\/\/talesofmemories.com\/no\/wp-json\/wp\/v2\/product_brand?post=1900"},{"taxonomy":"product_cat","embeddable":true,"href":"https:\/\/talesofmemories.com\/no\/wp-json\/wp\/v2\/product_cat?post=1900"},{"taxonomy":"product_tag","embeddable":true,"href":"https:\/\/talesofmemories.com\/no\/wp-json\/wp\/v2\/product_tag?post=1900"}],"curies":[{"name":"wp","href":"https:\/\/api.w.org\/{rel}","templated":true}]}}