{"id":1892,"date":"2025-03-05T11:18:54","date_gmt":"2025-03-05T09:18:54","guid":{"rendered":"https:\/\/talesofmemories.com\/product\/side-relasjon-og-familie-livstid\/"},"modified":"2025-05-07T10:16:20","modified_gmt":"2025-05-07T07:16:20","slug":"side-relasjon-og-familie-livstid","status":"publish","type":"product","link":"https:\/\/talesofmemories.com\/no\/produkt\/side-relasjon-og-familie-livstid\/","title":{"rendered":"Forhold og familie - hele livet"},"content":{"rendered":"<p data-start=\"100\" data-end=\"419\">Kj\u00e6rlighet og familie bygger p\u00e5 felles opplevelser - fra <strong data-start=\"157\" data-end=\"232\">den f\u00f8rste daten til dere flytter sammen, fra forlovelse til familiefor\u00f8kelse<\/strong>, og gjennom alle de sm\u00e5, men betydningsfulle \u00f8yeblikkene i mellom. Denne minnesiden <strong data-start=\"312\" data-end=\"355\">vokser i takt med forholdet og familien<\/strong>, og tar vare p\u00e5 alle de gode minnene dere samler p\u00e5 underveis. <\/p>\n<p data-start=\"421\" data-end=\"658\">Du kan <strong data-start=\"429\" data-end=\"449\">lagre viktige \u00f8yeblikk<\/strong> i bilder, videoer og historier, samtidig som du kan f\u00f8lge reisen deres gjennom en tidslinje. Minnesiden tilpasser seg ulike livsfaser - enten dere nettopp har m\u00f8ttes eller allerede har bygget opp et liv sammen gjennom \u00e5rene. <\/p>\n<p data-start=\"660\" data-end=\"872\"><strong data-start=\"660\" data-end=\"722\">F\u00e5 tilgang til minnesiden din raskt og enkelt med en QR-kode!<\/strong>  Et halskjede, en plakett eller et annet minnesmerke gir \u00f8yeblikkelig tilgang til siden din med bare \u00e9n skanning - slik at du n\u00e5r som helst kan se tilbake p\u00e5 de felles minnene dine.<\/p>\n","protected":false},"excerpt":{"rendered":"<p>Ta vare p\u00e5 de viktigste \u00f8yeblikkene fra deres reise sammen<\/p>\n","protected":false},"featured_media":1554,"template":"","meta":{"inline_featured_image":false},"product_brand":[246],"product_cat":[147],"product_tag":[],"class_list":{"0":"post-1892","1":"product","2":"type-product","3":"status-publish","4":"has-post-thumbnail","6":"product_brand-forhold-og-familie","7":"product_cat-sider","9":"first","10":"instock","11":"sale","12":"sold-individually","13":"taxable","14":"shipping-taxable","15":"purchasable","16":"product-type-simple"},"_links":{"self":[{"href":"https:\/\/talesofmemories.com\/no\/wp-json\/wp\/v2\/product\/1892","targetHints":{"allow":["GET"]}}],"collection":[{"href":"https:\/\/talesofmemories.com\/no\/wp-json\/wp\/v2\/product"}],"about":[{"href":"https:\/\/talesofmemories.com\/no\/wp-json\/wp\/v2\/types\/product"}],"wp:featuredmedia":[{"embeddable":true,"href":"https:\/\/talesofmemories.com\/no\/wp-json\/wp\/v2\/media\/1554"}],"wp:attachment":[{"href":"https:\/\/talesofmemories.com\/no\/wp-json\/wp\/v2\/media?parent=1892"}],"wp:term":[{"taxonomy":"product_brand","embeddable":true,"href":"https:\/\/talesofmemories.com\/no\/wp-json\/wp\/v2\/product_brand?post=1892"},{"taxonomy":"product_cat","embeddable":true,"href":"https:\/\/talesofmemories.com\/no\/wp-json\/wp\/v2\/product_cat?post=1892"},{"taxonomy":"product_tag","embeddable":true,"href":"https:\/\/talesofmemories.com\/no\/wp-json\/wp\/v2\/product_tag?post=1892"}],"curies":[{"name":"wp","href":"https:\/\/api.w.org\/{rel}","templated":true}]}}