{"id":1855,"date":"2025-03-05T11:19:34","date_gmt":"2025-03-05T09:19:34","guid":{"rendered":"https:\/\/talesofmemories.com\/product\/sivu-ura\/"},"modified":"2025-05-07T10:18:07","modified_gmt":"2025-05-07T07:18:07","slug":"sivu-ura","status":"publish","type":"product","link":"https:\/\/talesofmemories.com\/fi\/tuote\/sivu-ura\/","title":{"rendered":"Ura"},"content":{"rendered":"<p data-start=\"89\" data-end=\"357\">Jokainen ura on ainutlaatuinen - olitpa sitten <strong data-start=\"130\" data-end=\"187\">sotilas, palomies, l\u00e4\u00e4k\u00e4ri, yritt\u00e4j\u00e4 tai taiteilija<\/strong>. Ura-sivulla voit <strong data-start=\"219\" data-end=\"308\">dokumentoida ammatillisen matkasi, tallentaa t\u00e4rkeimm\u00e4t virstanpylv\u00e4\u00e4t, projektit ja saavutukset<\/strong> ja jakaa tarinasi tulevien sukupolvien kanssa. <\/p>\n<p data-start=\"359\" data-end=\"611\">Voit <strong data-start=\"367\" data-end=\"405\">lis\u00e4t\u00e4 valokuvia, videoita ja aikajanan<\/strong>, johon on merkitty urasi t\u00e4rkeimm\u00e4t hetket, kuten <strong data-start=\"459\" data-end=\"521\">ensimm\u00e4inen ty\u00f6paikka, ylennykset, suuret projektit ja el\u00e4kkeelle j\u00e4\u00e4minen<\/strong>. Urasivu voi toimia sek\u00e4 <strong data-start=\"559\" data-end=\"597\">henkil\u00f6kohtaisena muistiinpanona ett\u00e4 inspiraationa<\/strong> muille. <\/p>\n<p data-start=\"613\" data-end=\"792\"><strong data-start=\"613\" data-end=\"678\">QR-koodin avulla uratarinasi on aina helposti saatavilla<\/strong>, ja voit tehd\u00e4 urasivustasi <strong data-start=\"721\" data-end=\"789\">muistoesineen, kuten kehystetyn muistotaulun<\/strong>.<\/p>\n","protected":false},"excerpt":{"rendered":"<p>S\u00e4ilyt\u00e4 urasi t\u00e4rkeimm\u00e4t virstanpylv\u00e4\u00e4t ja muistot<\/p>\n","protected":false},"featured_media":273,"template":"","meta":{"inline_featured_image":false},"product_brand":[29],"product_cat":[69],"product_tag":[],"class_list":{"0":"post-1855","1":"product","2":"type-product","3":"status-publish","4":"has-post-thumbnail","6":"product_brand-urakehitys","7":"product_cat-muistosivut","9":"first","10":"instock","11":"sale","12":"sold-individually","13":"taxable","14":"shipping-taxable","15":"purchasable","16":"product-type-simple"},"_links":{"self":[{"href":"https:\/\/talesofmemories.com\/fi\/wp-json\/wp\/v2\/product\/1855","targetHints":{"allow":["GET"]}}],"collection":[{"href":"https:\/\/talesofmemories.com\/fi\/wp-json\/wp\/v2\/product"}],"about":[{"href":"https:\/\/talesofmemories.com\/fi\/wp-json\/wp\/v2\/types\/product"}],"wp:featuredmedia":[{"embeddable":true,"href":"https:\/\/talesofmemories.com\/fi\/wp-json\/wp\/v2\/media\/273"}],"wp:attachment":[{"href":"https:\/\/talesofmemories.com\/fi\/wp-json\/wp\/v2\/media?parent=1855"}],"wp:term":[{"taxonomy":"product_brand","embeddable":true,"href":"https:\/\/talesofmemories.com\/fi\/wp-json\/wp\/v2\/product_brand?post=1855"},{"taxonomy":"product_cat","embeddable":true,"href":"https:\/\/talesofmemories.com\/fi\/wp-json\/wp\/v2\/product_cat?post=1855"},{"taxonomy":"product_tag","embeddable":true,"href":"https:\/\/talesofmemories.com\/fi\/wp-json\/wp\/v2\/product_tag?post=1855"}],"curies":[{"name":"wp","href":"https:\/\/api.w.org\/{rel}","templated":true}]}}