{"id":1915,"date":"2025-03-05T11:18:30","date_gmt":"2025-03-05T09:18:30","guid":{"rendered":"https:\/\/talesofmemories.com\/product\/pagina-para-mascotas\/"},"modified":"2025-05-07T10:14:46","modified_gmt":"2025-05-07T07:14:46","slug":"pagina-para-mascotas","status":"publish","type":"product","link":"https:\/\/talesofmemories.com\/es\/producto\/pagina-para-mascotas\/","title":{"rendered":"Mascotas"},"content":{"rendered":"<p data-start=\"69\" data-end=\"321\">Las mascotas son miembros de la familia cuyos recuerdos merecen durar para siempre. Esta p\u00e1gina de recuerdos te permite <strong data-start=\"164\" data-end=\"254\">capturar aventuras compartidas, momentos divertidos y los recuerdos m\u00e1s valiosos en un solo lugar, <\/strong>ya sea de una mascota que a\u00fan est\u00e1 contigo o de una que ya ha fallecido. <\/p>\n<p data-start=\"323\" data-end=\"540\">Puedes a\u00f1adir fotos, v\u00eddeos y momentos significativos de la vida de tu mascota y <strong data-start=\"400\" data-end=\"442\">compartir la p\u00e1gina con familiares y amigos<\/strong>. De este modo, los recuerdos se mantienen vivos, y puedes volver a visitar los momentos m\u00e1s especiales siempre que quieras. <\/p>\n<p data-start=\"542\" data-end=\"762\"><strong data-start=\"542\" data-end=\"610\">\u00a1Accede a la p\u00e1gina de recuerdos de tu mascota de forma r\u00e1pida y sencilla con un c\u00f3digo QR!<\/strong>  Una placa, un llavero u otro recuerdo te proporciona acceso instant\u00e1neo a la p\u00e1gina con s\u00f3lo escanearla, lo que te permite revivir esos queridos recuerdos en cualquier momento.<\/p>\n","protected":false},"excerpt":{"rendered":"<p>Preserva la historia de tu querida mascota<\/p>\n","protected":false},"featured_media":1541,"template":"","meta":{"inline_featured_image":false},"product_brand":[262],"product_cat":[162],"product_tag":[],"class_list":{"0":"post-1915","1":"product","2":"type-product","3":"status-publish","4":"has-post-thumbnail","6":"product_brand-para-mascotas","7":"product_cat-paginas-es","9":"first","10":"instock","11":"sale","12":"sold-individually","13":"taxable","14":"shipping-taxable","15":"purchasable","16":"product-type-simple"},"_links":{"self":[{"href":"https:\/\/talesofmemories.com\/es\/wp-json\/wp\/v2\/product\/1915","targetHints":{"allow":["GET"]}}],"collection":[{"href":"https:\/\/talesofmemories.com\/es\/wp-json\/wp\/v2\/product"}],"about":[{"href":"https:\/\/talesofmemories.com\/es\/wp-json\/wp\/v2\/types\/product"}],"wp:featuredmedia":[{"embeddable":true,"href":"https:\/\/talesofmemories.com\/es\/wp-json\/wp\/v2\/media\/1541"}],"wp:attachment":[{"href":"https:\/\/talesofmemories.com\/es\/wp-json\/wp\/v2\/media?parent=1915"}],"wp:term":[{"taxonomy":"product_brand","embeddable":true,"href":"https:\/\/talesofmemories.com\/es\/wp-json\/wp\/v2\/product_brand?post=1915"},{"taxonomy":"product_cat","embeddable":true,"href":"https:\/\/talesofmemories.com\/es\/wp-json\/wp\/v2\/product_cat?post=1915"},{"taxonomy":"product_tag","embeddable":true,"href":"https:\/\/talesofmemories.com\/es\/wp-json\/wp\/v2\/product_tag?post=1915"}],"curies":[{"name":"wp","href":"https:\/\/api.w.org\/{rel}","templated":true}]}}