{"id":1780,"date":"2025-03-16T15:25:48","date_gmt":"2025-03-16T13:25:48","guid":{"rendered":"https:\/\/talesofmemories.com\/product\/pagina-relacion-y-familia-anual\/"},"modified":"2025-05-07T10:15:08","modified_gmt":"2025-05-07T07:15:08","slug":"pagina-relacion-y-familia-anual","status":"publish","type":"product","link":"https:\/\/talesofmemories.com\/es\/producto\/pagina-relacion-y-familia-anual\/","title":{"rendered":"Relaci\u00f3n y familia - Anual"},"content":{"rendered":"<p data-start=\"100\" data-end=\"419\">El amor y la familia se construyen sobre experiencias compartidas: desde la <strong data-start=\"157\" data-end=\"232\">primera cita hasta la mudanza juntos, desde el compromiso hasta formar una familia<\/strong>, y a trav\u00e9s de todos los peque\u00f1os pero significativos momentos intermedios. Esta p\u00e1gina de recuerdos <strong data-start=\"312\" data-end=\"355\">crece con tu relaci\u00f3n y tu familia<\/strong>, conservando los recuerdos m\u00e1s preciados que recog\u00e9is por el camino. <\/p>\n<p data-start=\"421\" data-end=\"658\">Puedes <strong data-start=\"429\" data-end=\"449\">guardar momentos clave<\/strong> en fotos, v\u00eddeos e historias mientras sigues vuestro viaje a trav\u00e9s de una l\u00ednea de tiempo. La p\u00e1gina de recuerdos se adapta a las distintas etapas de la vida, tanto si os acab\u00e1is de conocer como si ya hab\u00e9is construido una vida juntos a lo largo de los a\u00f1os. <\/p>\n<p data-start=\"660\" data-end=\"872\"><strong data-start=\"660\" data-end=\"722\">\u00a1Accede a tu p\u00e1gina de recuerdos de manera r\u00e1pida y f\u00e1cil con un c\u00f3digo QR!<\/strong>  Un collar, una placa u otro recuerdo proporciona acceso instant\u00e1neo a tu p\u00e1gina con s\u00f3lo escanearla, lo que te permite volver a visitar tus recuerdos compartidos en cualquier momento.<\/p>\n","protected":false},"excerpt":{"rendered":"<p>Conserva los momentos m\u00e1s importantes de vuestro viaje juntos - <strong>Consigue 3 a\u00f1os de anticipo<\/strong><\/p>\n","protected":false},"featured_media":1533,"template":"","meta":{"inline_featured_image":false},"product_brand":[161],"product_cat":[162],"product_tag":[],"class_list":{"0":"post-1780","1":"product","2":"type-product","3":"status-publish","4":"has-post-thumbnail","6":"product_brand-para-ninos","7":"product_cat-paginas-es","9":"first","10":"instock","11":"sale","12":"sold-individually","13":"taxable","14":"shipping-taxable","15":"purchasable","16":"product-type-variable"},"_links":{"self":[{"href":"https:\/\/talesofmemories.com\/es\/wp-json\/wp\/v2\/product\/1780","targetHints":{"allow":["GET"]}}],"collection":[{"href":"https:\/\/talesofmemories.com\/es\/wp-json\/wp\/v2\/product"}],"about":[{"href":"https:\/\/talesofmemories.com\/es\/wp-json\/wp\/v2\/types\/product"}],"wp:featuredmedia":[{"embeddable":true,"href":"https:\/\/talesofmemories.com\/es\/wp-json\/wp\/v2\/media\/1533"}],"wp:attachment":[{"href":"https:\/\/talesofmemories.com\/es\/wp-json\/wp\/v2\/media?parent=1780"}],"wp:term":[{"taxonomy":"product_brand","embeddable":true,"href":"https:\/\/talesofmemories.com\/es\/wp-json\/wp\/v2\/product_brand?post=1780"},{"taxonomy":"product_cat","embeddable":true,"href":"https:\/\/talesofmemories.com\/es\/wp-json\/wp\/v2\/product_cat?post=1780"},{"taxonomy":"product_tag","embeddable":true,"href":"https:\/\/talesofmemories.com\/es\/wp-json\/wp\/v2\/product_tag?post=1780"}],"curies":[{"name":"wp","href":"https:\/\/api.w.org\/{rel}","templated":true}]}}