{"id":1882,"date":"2025-03-05T11:19:13","date_gmt":"2025-03-05T09:19:13","guid":{"rendered":"https:\/\/talesofmemories.com\/product\/seite-feiern\/"},"modified":"2025-05-07T10:17:15","modified_gmt":"2025-05-07T07:17:15","slug":"seite-feiern","status":"publish","type":"product","link":"https:\/\/talesofmemories.com\/de\/produkt\/seite-feiern\/","title":{"rendered":"Feiern"},"content":{"rendered":"<p data-start=\"99\" data-end=\"385\">Die besonderen Momente im Leben verdienen es, gefeiert zu werden. Die Feier-Seite hilft Ihnen bei der <strong data-start=\"179\" data-end=\"251\">Planung, Organisation und Bewahrung der Erinnerungen an Ihr Ereignis an einem Ort<\/strong>. Ob es sich um eine Hochzeit, einen Geburtstag, einen Abschluss oder einen anderen Meilenstein handelt, diese Seite unterst\u00fctzt Sie in jeder Phase der Feier.  <\/p>\n<p data-start=\"387\" data-end=\"662\">Vor der Veranstaltung k\u00f6nnen Sie die Seite als <strong data-start=\"431\" data-end=\"448\">Planungstool<\/strong> nutzen, um <strong data-start=\"452\" data-end=\"522\">Aufgaben zu verteilen, Einladungen zu verwalten und alle wichtigen Details zu sammeln<\/strong>. W\u00e4hrend der Feier k\u00f6nnen die G\u00e4ste <strong data-start=\"559\" data-end=\"610\">Fotos und Videos hochladen und sich in das G\u00e4stebuch eintragen<\/strong>, so dass jeder besondere Moment festgehalten wird. <\/p>\n<p data-start=\"664\" data-end=\"874\"><strong data-start=\"664\" data-end=\"715\">Erleichtern Sie den Zugang mit QR-Memory-Produkten!<\/strong> Platzieren Sie einen <strong data-start=\"724\" data-end=\"777\">QR-Code auf Einladungen, Dekorationen oder Erinnerungsst\u00fccken<\/strong>, so dass jeder leicht auf die Seite der Feier zugreifen und die Erinnerungen an das Ereignis sp\u00e4ter noch einmal ansehen kann.<\/p>\n","protected":false},"excerpt":{"rendered":"<p>Machen Sie Ihre Feierlichkeiten unvergesslich - von der Planung bis zur Erinnerung<\/p>\n<p><strong data-start=\"404\" data-end=\"420\">Bitte beachten Sie:<\/strong> W\u00e4hrend des Vorverkaufs ist nur die <strong data-start=\"447\" data-end=\"462\">Erinnerungsseite<\/strong> verf\u00fcgbar. Funktionen f\u00fcr die Planung von Veranstaltungen und Verbesserungen f\u00fcr Live-Feiern werden <strong data-start=\"547\" data-end=\"572\" data-is-only-node=\"\">nach dem Start ver\u00f6ffentlicht<\/strong> und k\u00f6nnen separat erworben werden. <\/p>\n","protected":false},"featured_media":1542,"template":"","meta":{"inline_featured_image":false},"product_brand":[237],"product_cat":[166],"product_tag":[],"class_list":{"0":"post-1882","1":"product","2":"type-product","3":"status-publish","4":"has-post-thumbnail","6":"product_brand-feiern","7":"product_cat-seiten","9":"first","10":"instock","11":"sale","12":"sold-individually","13":"taxable","14":"shipping-taxable","15":"purchasable","16":"product-type-simple"},"_links":{"self":[{"href":"https:\/\/talesofmemories.com\/de\/wp-json\/wp\/v2\/product\/1882","targetHints":{"allow":["GET"]}}],"collection":[{"href":"https:\/\/talesofmemories.com\/de\/wp-json\/wp\/v2\/product"}],"about":[{"href":"https:\/\/talesofmemories.com\/de\/wp-json\/wp\/v2\/types\/product"}],"wp:featuredmedia":[{"embeddable":true,"href":"https:\/\/talesofmemories.com\/de\/wp-json\/wp\/v2\/media\/1542"}],"wp:attachment":[{"href":"https:\/\/talesofmemories.com\/de\/wp-json\/wp\/v2\/media?parent=1882"}],"wp:term":[{"taxonomy":"product_brand","embeddable":true,"href":"https:\/\/talesofmemories.com\/de\/wp-json\/wp\/v2\/product_brand?post=1882"},{"taxonomy":"product_cat","embeddable":true,"href":"https:\/\/talesofmemories.com\/de\/wp-json\/wp\/v2\/product_cat?post=1882"},{"taxonomy":"product_tag","embeddable":true,"href":"https:\/\/talesofmemories.com\/de\/wp-json\/wp\/v2\/product_tag?post=1882"}],"curies":[{"name":"wp","href":"https:\/\/api.w.org\/{rel}","templated":true}]}}