{"id":1810,"date":"2025-03-06T13:28:34","date_gmt":"2025-03-06T11:28:34","guid":{"rendered":"https:\/\/talesofmemories.com\/product\/seite-dienstanbieter\/"},"modified":"2025-05-07T10:18:19","modified_gmt":"2025-05-07T07:18:19","slug":"seite-dienstanbieter","status":"publish","type":"product","link":"https:\/\/talesofmemories.com\/de\/produkt\/seite-dienstanbieter\/","title":{"rendered":"Dienstanbieter"},"content":{"rendered":"<p data-start=\"62\" data-end=\"222\">Unsere Plattform hilft <strong data-start=\"81\" data-end=\"113\">Unternehmern und Unternehmen<\/strong> in zweierlei Hinsicht: Sie <strong data-start=\"131\" data-end=\"169\">bewahrt berufliche Meilensteine<\/strong> und <strong data-start=\"174\" data-end=\"219\" data-is-only-node=\"\">verbindet Dienstleister mit Kunden<\/strong>.<\/p>\n<p data-start=\"224\" data-end=\"423\">Wenn Sie Ihre <strong data-start=\"253\" data-end=\"283\">Karriere oder Ihren beruflichen Werdegang<\/strong> dokumentieren m\u00f6chten, k\u00f6nnen Sie auf den Seiten <strong data-start=\"289\" data-end=\"299\">&#8222;Karriere&#8220;<\/strong> und <strong data-start=\"304\" data-end=\"316\" data-is-only-node=\"\">&#8222;Erinnerungen&#8220;<\/strong> wichtige Erfolge, bedeutende Momente und die Geschichte Ihres Unternehmens an einem Ort speichern.<\/p>\n<p data-start=\"425\" data-end=\"652\">F\u00fcr <strong data-start=\"429\" data-end=\"450\">Dienstleister - wie<\/strong> <strong data-start=\"461\" data-end=\"551\">Caterer, Fotografen, Veranstaltungsorte, Floristen, Unterhaltungsexperten und andere -<\/strong>bringt <strong data-start=\"461\" data-end=\"551\">diese<\/strong>Plattform Kunden, die <strong data-start=\"595\" data-end=\"649\" data-is-only-node=\"\">Veranstaltungen planen oder einfach nur Ihre Dienste ben\u00f6tigen<\/strong>.<\/p>\n<p data-start=\"654\" data-end=\"871\">Dieser Service funktioniert zwar getrennt von unserer Erinnerungsplattform, ist aber <strong data-start=\"725\" data-end=\"765\">in die Celebration-Seite integriert<\/strong> und erm\u00f6glicht es Veranstaltern, <strong data-start=\"796\" data-end=\"868\">Anbieter zu finden, direkte Serviceanfragen zu senden und offene Angebote zu ver\u00f6ffentlichen<\/strong>.<\/p>\n<p data-start=\"654\" data-end=\"871\"><strong>Diese Plattform steht jedem offen,<\/strong> unabh\u00e4ngig davon, ob Sie Nutzer einer Ged\u00e4chtnisseite sind oder nicht. So k\u00f6nnen Sie mit einem gr\u00f6\u00dferen Publikum in Kontakt treten, das aktiv nach Ihren Dienstleistungen sucht.<\/p>\n","protected":false},"excerpt":{"rendered":"<p>Erweitern Sie Ihr Gesch\u00e4ft mit unserer Service Provider-Plattform - <strong>Sie erhalten 2 Jahre zum Preis von 1<\/strong><\/p>\n","protected":false},"featured_media":1812,"template":"","meta":{"inline_featured_image":false},"product_brand":[177],"product_cat":[166],"product_tag":[],"class_list":{"0":"post-1810","1":"product","2":"type-product","3":"status-publish","4":"has-post-thumbnail","6":"product_brand-fur-unternehmen","7":"product_cat-seiten","9":"first","10":"instock","11":"sold-individually","12":"taxable","13":"shipping-taxable","14":"purchasable","15":"product-type-simple"},"_links":{"self":[{"href":"https:\/\/talesofmemories.com\/de\/wp-json\/wp\/v2\/product\/1810","targetHints":{"allow":["GET"]}}],"collection":[{"href":"https:\/\/talesofmemories.com\/de\/wp-json\/wp\/v2\/product"}],"about":[{"href":"https:\/\/talesofmemories.com\/de\/wp-json\/wp\/v2\/types\/product"}],"wp:featuredmedia":[{"embeddable":true,"href":"https:\/\/talesofmemories.com\/de\/wp-json\/wp\/v2\/media\/1812"}],"wp:attachment":[{"href":"https:\/\/talesofmemories.com\/de\/wp-json\/wp\/v2\/media?parent=1810"}],"wp:term":[{"taxonomy":"product_brand","embeddable":true,"href":"https:\/\/talesofmemories.com\/de\/wp-json\/wp\/v2\/product_brand?post=1810"},{"taxonomy":"product_cat","embeddable":true,"href":"https:\/\/talesofmemories.com\/de\/wp-json\/wp\/v2\/product_cat?post=1810"},{"taxonomy":"product_tag","embeddable":true,"href":"https:\/\/talesofmemories.com\/de\/wp-json\/wp\/v2\/product_tag?post=1810"}],"curies":[{"name":"wp","href":"https:\/\/api.w.org\/{rel}","templated":true}]}}