{"id":1959,"date":"2025-03-05T11:17:51","date_gmt":"2025-03-05T09:17:51","guid":{"rendered":"https:\/\/talesofmemories.com\/product\/side-for-boern\/"},"modified":"2025-05-07T10:16:13","modified_gmt":"2025-05-07T07:16:13","slug":"side-for-boern","status":"publish","type":"product","link":"https:\/\/talesofmemories.com\/da\/vare\/side-for-boern\/","title":{"rendered":"For b\u00f8rn"},"content":{"rendered":"<p data-start=\"91\" data-end=\"373\">De f\u00f8rste ord, de f\u00f8rste skridt, f\u00f8dselsdage og hverdagens sm\u00e5 gl\u00e6der - barndommen er fyldt med \u00f8jeblikke, som man gerne vil huske for evigt. Denne mindeside er designet til b\u00f8rn i alderen 0-18 \u00e5r, s\u00e5 du kan <strong data-start=\"296\" data-end=\"370\">dokumentere dit barns v\u00e6kst og udvikling fra barndom til voksenliv<\/strong>. <\/p>\n<p data-start=\"375\" data-end=\"577\">F\u00f8lg dit barns milep\u00e6le, gem dyrebare fotos og videoer, og <strong data-start=\"443\" data-end=\"477\">del siden med dine k\u00e6re<\/strong>, s\u00e5 de kan f\u00f8lge dit barns rejse og fejre vigtige \u00f8jeblikke - uanset hvor de er.<\/p>\n<p data-start=\"579\" data-end=\"725\" data-is-last-node=\"\" data-is-only-node=\"\"><strong data-start=\"579\" data-end=\"624\">G\u00f8r adgangen let med QR-hukommelsesprodukter!<\/strong>  En halsk\u00e6de, plakette eller et andet minde giver \u00f8jeblikkelig adgang til mindesiden med blot en enkelt scanning.<\/p>\n","protected":false},"excerpt":{"rendered":"<p>Bevar dit barns historie - fra f\u00f8dsel til voksenliv<\/p>\n","protected":false},"featured_media":1682,"template":"","meta":{"inline_featured_image":false},"product_brand":[168],"product_cat":[169],"product_tag":[],"class_list":{"0":"post-1959","1":"product","2":"type-product","3":"status-publish","4":"has-post-thumbnail","6":"product_brand-for-born","7":"product_cat-sider-da","9":"first","10":"instock","11":"sale","12":"sold-individually","13":"taxable","14":"shipping-taxable","15":"purchasable","16":"product-type-variable"},"_links":{"self":[{"href":"https:\/\/talesofmemories.com\/da\/wp-json\/wp\/v2\/product\/1959","targetHints":{"allow":["GET"]}}],"collection":[{"href":"https:\/\/talesofmemories.com\/da\/wp-json\/wp\/v2\/product"}],"about":[{"href":"https:\/\/talesofmemories.com\/da\/wp-json\/wp\/v2\/types\/product"}],"wp:featuredmedia":[{"embeddable":true,"href":"https:\/\/talesofmemories.com\/da\/wp-json\/wp\/v2\/media\/1682"}],"wp:attachment":[{"href":"https:\/\/talesofmemories.com\/da\/wp-json\/wp\/v2\/media?parent=1959"}],"wp:term":[{"taxonomy":"product_brand","embeddable":true,"href":"https:\/\/talesofmemories.com\/da\/wp-json\/wp\/v2\/product_brand?post=1959"},{"taxonomy":"product_cat","embeddable":true,"href":"https:\/\/talesofmemories.com\/da\/wp-json\/wp\/v2\/product_cat?post=1959"},{"taxonomy":"product_tag","embeddable":true,"href":"https:\/\/talesofmemories.com\/da\/wp-json\/wp\/v2\/product_tag?post=1959"}],"curies":[{"name":"wp","href":"https:\/\/api.w.org\/{rel}","templated":true}]}}