{"id":1893,"date":"2025-03-05T11:18:54","date_gmt":"2025-03-05T09:18:54","guid":{"rendered":"https:\/\/talesofmemories.com\/product\/side-forhold-og-familie-livstid\/"},"modified":"2025-05-07T10:17:14","modified_gmt":"2025-05-07T07:17:14","slug":"side-forhold-og-familie-livstid","status":"publish","type":"product","link":"https:\/\/talesofmemories.com\/da\/vare\/side-forhold-og-familie-livstid\/","title":{"rendered":"Forhold og familie - hele livet"},"content":{"rendered":"<p data-start=\"100\" data-end=\"419\">K\u00e6rlighed og familie bygger p\u00e5 f\u00e6lles oplevelser - fra <strong data-start=\"157\" data-end=\"232\">den f\u00f8rste date til at flytte sammen, fra forlovelse til at stifte familie<\/strong> og gennem alle de sm\u00e5, men betydningsfulde \u00f8jeblikke derimellem. Denne mindeside <strong data-start=\"312\" data-end=\"355\">vokser med jeres forhold og familie og<\/strong> bevarer de dyrebare minder, I samler undervejs. <\/p>\n<p data-start=\"421\" data-end=\"658\">Du kan <strong data-start=\"429\" data-end=\"449\">gemme vigtige \u00f8jeblikke<\/strong> i fotos, videoer og historier, mens du sporer din rejse gennem en tidslinje. Mindesiden tilpasser sig forskellige livsfaser - uanset om I lige har m\u00f8dt hinanden eller allerede har opbygget et liv sammen gennem \u00e5rene. <\/p>\n<p data-start=\"660\" data-end=\"872\"><strong data-start=\"660\" data-end=\"722\">F\u00e5 adgang til din hukommelsesside hurtigt og nemt med en QR-kode!<\/strong>  En halsk\u00e6de, plakette eller et andet minde giver \u00f8jeblikkelig adgang til din side med blot en enkelt scanning - s\u00e5 du kan gense dine f\u00e6lles minder n\u00e5r som helst.<\/p>\n","protected":false},"excerpt":{"rendered":"<p>Bevar de vigtigste \u00f8jeblikke p\u00e5 jeres rejse sammen<\/p>\n","protected":false},"featured_media":1684,"template":"","meta":{"inline_featured_image":false},"product_brand":[247],"product_cat":[169],"product_tag":[],"class_list":{"0":"post-1893","1":"product","2":"type-product","3":"status-publish","4":"has-post-thumbnail","6":"product_brand-parforhold-og-familie","7":"product_cat-sider-da","9":"first","10":"instock","11":"sale","12":"sold-individually","13":"taxable","14":"shipping-taxable","15":"purchasable","16":"product-type-simple"},"_links":{"self":[{"href":"https:\/\/talesofmemories.com\/da\/wp-json\/wp\/v2\/product\/1893","targetHints":{"allow":["GET"]}}],"collection":[{"href":"https:\/\/talesofmemories.com\/da\/wp-json\/wp\/v2\/product"}],"about":[{"href":"https:\/\/talesofmemories.com\/da\/wp-json\/wp\/v2\/types\/product"}],"wp:featuredmedia":[{"embeddable":true,"href":"https:\/\/talesofmemories.com\/da\/wp-json\/wp\/v2\/media\/1684"}],"wp:attachment":[{"href":"https:\/\/talesofmemories.com\/da\/wp-json\/wp\/v2\/media?parent=1893"}],"wp:term":[{"taxonomy":"product_brand","embeddable":true,"href":"https:\/\/talesofmemories.com\/da\/wp-json\/wp\/v2\/product_brand?post=1893"},{"taxonomy":"product_cat","embeddable":true,"href":"https:\/\/talesofmemories.com\/da\/wp-json\/wp\/v2\/product_cat?post=1893"},{"taxonomy":"product_tag","embeddable":true,"href":"https:\/\/talesofmemories.com\/da\/wp-json\/wp\/v2\/product_tag?post=1893"}],"curies":[{"name":"wp","href":"https:\/\/api.w.org\/{rel}","templated":true}]}}