{"id":1908,"date":"2025-03-05T11:18:30","date_gmt":"2025-03-05T09:18:30","guid":{"rendered":"https:\/\/talesofmemories.com\/product\/strana-pro-domaci-zvirata\/"},"modified":"2025-05-07T10:16:23","modified_gmt":"2025-05-07T07:16:23","slug":"strana-pro-domaci-zvirata","status":"publish","type":"product","link":"https:\/\/talesofmemories.com\/cs\/product\/strana-pro-domaci-zvirata\/","title":{"rendered":"Pro dom\u00e1c\u00ed mazl\u00ed\u010dky"},"content":{"rendered":"<p data-start=\"69\" data-end=\"321\">Dom\u00e1c\u00ed mazl\u00ed\u010dci jsou \u010dleny rodiny, na kter\u00e9 si zaslou\u017e\u00ed m\u00edt nav\u017edy vzpom\u00ednky. Tato vzpom\u00ednkov\u00e1 str\u00e1nka v\u00e1m umo\u017en\u00ed <strong data-start=\"164\" data-end=\"254\">zachytit spole\u010dn\u00e1 dobrodru\u017estv\u00ed, vtipn\u00e9 okam\u017eiky a nejcenn\u011bj\u0161\u00ed vzpom\u00ednky na jednom m\u00edst\u011b - a\u0165 u\u017e jde o <\/strong>dom\u00e1c\u00edho mazl\u00ed\u010dka, kter\u00fd je st\u00e1le s v\u00e1mi, nebo o toho, kter\u00fd u\u017e zem\u0159el. <\/p>\n<p data-start=\"323\" data-end=\"540\">M\u016f\u017eete p\u0159id\u00e1vat fotografie, videa a v\u00fdznamn\u00e9 okam\u017eiky ze \u017eivota sv\u00e9ho mazl\u00ed\u010dka a <strong data-start=\"400\" data-end=\"442\">sd\u00edlet str\u00e1nku s rodinou a p\u0159\u00e1teli<\/strong>. Vzpom\u00ednky tak z\u016fstanou \u017eiv\u00e9 a vy se m\u016f\u017eete k nejv\u00fdznamn\u011bj\u0161\u00edm okam\u017eik\u016fm vr\u00e1tit, kdykoli si budete p\u0159\u00e1t. <\/p>\n<p data-start=\"542\" data-end=\"762\"><strong data-start=\"542\" data-end=\"610\">Pomoc\u00ed QR k\u00f3du z\u00edsk\u00e1te rychl\u00fd a snadn\u00fd p\u0159\u00edstup ke vzpom\u00ednkov\u00e9 str\u00e1nce sv\u00e9ho mazl\u00ed\u010dka!<\/strong> Pam\u011btn\u00ed deska, kl\u00ed\u010denka nebo jin\u00e1 pam\u00e1tka umo\u017e\u0148uje okam\u017eit\u00fd p\u0159\u00edstup ke str\u00e1nce pouh\u00fdm naskenov\u00e1n\u00edm - m\u016f\u017eete si tak kdykoli o\u017eivit sv\u00e9 milovan\u00e9 vzpom\u00ednky.<\/p>\n","protected":false},"excerpt":{"rendered":"<p>Uchovejte p\u0159\u00edb\u011bh sv\u00e9ho milovan\u00e9ho mazl\u00ed\u010dka<\/p>\n","protected":false},"featured_media":1909,"template":"","meta":{"inline_featured_image":false},"product_brand":[261],"product_cat":[159],"product_tag":[],"class_list":{"0":"post-1908","1":"product","2":"type-product","3":"status-publish","4":"has-post-thumbnail","6":"product_brand-pro-domaci-zvirata","7":"product_cat-stranky","9":"first","10":"instock","11":"sale","12":"sold-individually","13":"taxable","14":"shipping-taxable","15":"purchasable","16":"product-type-simple"},"_links":{"self":[{"href":"https:\/\/talesofmemories.com\/cs\/wp-json\/wp\/v2\/product\/1908","targetHints":{"allow":["GET"]}}],"collection":[{"href":"https:\/\/talesofmemories.com\/cs\/wp-json\/wp\/v2\/product"}],"about":[{"href":"https:\/\/talesofmemories.com\/cs\/wp-json\/wp\/v2\/types\/product"}],"wp:featuredmedia":[{"embeddable":true,"href":"https:\/\/talesofmemories.com\/cs\/wp-json\/wp\/v2\/media\/1909"}],"wp:attachment":[{"href":"https:\/\/talesofmemories.com\/cs\/wp-json\/wp\/v2\/media?parent=1908"}],"wp:term":[{"taxonomy":"product_brand","embeddable":true,"href":"https:\/\/talesofmemories.com\/cs\/wp-json\/wp\/v2\/product_brand?post=1908"},{"taxonomy":"product_cat","embeddable":true,"href":"https:\/\/talesofmemories.com\/cs\/wp-json\/wp\/v2\/product_cat?post=1908"},{"taxonomy":"product_tag","embeddable":true,"href":"https:\/\/talesofmemories.com\/cs\/wp-json\/wp\/v2\/product_tag?post=1908"}],"curies":[{"name":"wp","href":"https:\/\/api.w.org\/{rel}","templated":true}]}}