{"id":1896,"date":"2025-03-05T11:18:54","date_gmt":"2025-03-05T09:18:54","guid":{"rendered":"https:\/\/talesofmemories.com\/product\/strana-vztahy-a-rodina-celozivotni\/"},"modified":"2025-05-07T10:17:15","modified_gmt":"2025-05-07T07:17:15","slug":"strana-vztahy-a-rodina-celozivotni","status":"publish","type":"product","link":"https:\/\/talesofmemories.com\/cs\/product\/strana-vztahy-a-rodina-celozivotni\/","title":{"rendered":"Vztahy a rodina - celo\u017eivotn\u00ed"},"content":{"rendered":"<p data-start=\"100\" data-end=\"419\">L\u00e1ska a rodina jsou zalo\u017eeny na spole\u010dn\u00fdch z\u00e1\u017eitc\u00edch - od <strong data-start=\"157\" data-end=\"232\">prvn\u00edho rande po spole\u010dn\u00e9 bydlen\u00ed, od z\u00e1snub po zalo\u017een\u00ed rodiny<\/strong> a ve v\u0161ech mal\u00fdch, ale v\u00fdznamn\u00fdch okam\u017eic\u00edch mezi nimi. Tato vzpom\u00ednkov\u00e1 str\u00e1nka <strong data-start=\"312\" data-end=\"355\">roste spolu s va\u0161\u00edm vztahem a rodinou<\/strong> a uchov\u00e1v\u00e1 cenn\u00e9 vzpom\u00ednky, kter\u00e9 na t\u00e9to cest\u011b nasb\u00edr\u00e1te. <\/p>\n<p data-start=\"421\" data-end=\"658\"><strong data-start=\"429\" data-end=\"449\">Kl\u00ed\u010dov\u00e9 okam\u017eiky<\/strong> m\u016f\u017eete <strong data-start=\"429\" data-end=\"449\">ukl\u00e1dat do<\/strong> fotografi\u00ed, vide\u00ed a p\u0159\u00edb\u011bh\u016f a z\u00e1rove\u0148 sledovat svou cestu prost\u0159ednictv\u00edm \u010dasov\u00e9 osy. Vzpom\u00ednkov\u00e1 str\u00e1nka se p\u0159izp\u016fsobuje r\u016fzn\u00fdm \u017eivotn\u00edm f\u00e1z\u00edm - a\u0165 u\u017e jste se pr\u00e1v\u011b sezn\u00e1mili, nebo jste ji\u017e v pr\u016fb\u011bhu let vybudovali spole\u010dn\u00fd \u017eivot. <\/p>\n<p data-start=\"660\" data-end=\"872\"><strong data-start=\"660\" data-end=\"722\">Rychl\u00fd a snadn\u00fd p\u0159\u00edstup ke vzpom\u00ednkov\u00e9 str\u00e1nce pomoc\u00ed QR k\u00f3du!<\/strong>  N\u00e1hrdeln\u00edk, plaketa nebo jin\u00e1 pam\u00e1tka poskytuje okam\u017eit\u00fd p\u0159\u00edstup ke str\u00e1nce pouh\u00fdm naskenov\u00e1n\u00edm - m\u016f\u017eete se tak kdykoli vr\u00e1tit ke spole\u010dn\u00fdm vzpom\u00ednk\u00e1m.<\/p>\n","protected":false},"excerpt":{"rendered":"<p>Uchovejte si nejd\u016fle\u017eit\u011bj\u0161\u00ed okam\u017eiky va\u0161\u00ed spole\u010dn\u00e9 cesty<\/p>\n","protected":false},"featured_media":1770,"template":"","meta":{"inline_featured_image":false},"product_brand":[251],"product_cat":[159],"product_tag":[],"class_list":{"0":"post-1896","1":"product","2":"type-product","3":"status-publish","4":"has-post-thumbnail","6":"product_brand-vztahy-a-rodina","7":"product_cat-stranky","9":"first","10":"instock","11":"sale","12":"sold-individually","13":"taxable","14":"shipping-taxable","15":"purchasable","16":"product-type-simple"},"_links":{"self":[{"href":"https:\/\/talesofmemories.com\/cs\/wp-json\/wp\/v2\/product\/1896","targetHints":{"allow":["GET"]}}],"collection":[{"href":"https:\/\/talesofmemories.com\/cs\/wp-json\/wp\/v2\/product"}],"about":[{"href":"https:\/\/talesofmemories.com\/cs\/wp-json\/wp\/v2\/types\/product"}],"wp:featuredmedia":[{"embeddable":true,"href":"https:\/\/talesofmemories.com\/cs\/wp-json\/wp\/v2\/media\/1770"}],"wp:attachment":[{"href":"https:\/\/talesofmemories.com\/cs\/wp-json\/wp\/v2\/media?parent=1896"}],"wp:term":[{"taxonomy":"product_brand","embeddable":true,"href":"https:\/\/talesofmemories.com\/cs\/wp-json\/wp\/v2\/product_brand?post=1896"},{"taxonomy":"product_cat","embeddable":true,"href":"https:\/\/talesofmemories.com\/cs\/wp-json\/wp\/v2\/product_cat?post=1896"},{"taxonomy":"product_tag","embeddable":true,"href":"https:\/\/talesofmemories.com\/cs\/wp-json\/wp\/v2\/product_tag?post=1896"}],"curies":[{"name":"wp","href":"https:\/\/api.w.org\/{rel}","templated":true}]}}