{"id":2086,"date":"2025-03-04T09:00:52","date_gmt":"2025-03-04T07:00:52","guid":{"rendered":"https:\/\/talesofmemories.com\/predbezna-registrace\/"},"modified":"2025-05-02T10:49:25","modified_gmt":"2025-05-02T07:49:25","slug":"predbezna-registrace","status":"publish","type":"page","link":"https:\/\/talesofmemories.com\/cs\/predbezna-registrace\/","title":{"rendered":"P\u0159edb\u011b\u017en\u00e1 registrace"},"content":{"rendered":"","protected":false},"excerpt":{"rendered":"","protected":false},"author":4,"featured_media":0,"parent":0,"menu_order":0,"comment_status":"closed","ping_status":"closed","template":"","meta":{"inline_featured_image":false,"footnotes":""},"class_list":["post-2086","page","type-page","status-publish","hentry"],"_links":{"self":[{"href":"https:\/\/talesofmemories.com\/cs\/wp-json\/wp\/v2\/pages\/2086","targetHints":{"allow":["GET"]}}],"collection":[{"href":"https:\/\/talesofmemories.com\/cs\/wp-json\/wp\/v2\/pages"}],"about":[{"href":"https:\/\/talesofmemories.com\/cs\/wp-json\/wp\/v2\/types\/page"}],"author":[{"embeddable":true,"href":"https:\/\/talesofmemories.com\/cs\/wp-json\/wp\/v2\/users\/4"}],"replies":[{"embeddable":true,"href":"https:\/\/talesofmemories.com\/cs\/wp-json\/wp\/v2\/comments?post=2086"}],"version-history":[{"count":0,"href":"https:\/\/talesofmemories.com\/cs\/wp-json\/wp\/v2\/pages\/2086\/revisions"}],"wp:attachment":[{"href":"https:\/\/talesofmemories.com\/cs\/wp-json\/wp\/v2\/media?parent=2086"}],"curies":[{"name":"wp","href":"https:\/\/api.w.org\/{rel}","templated":true}]}}