{"id":1591,"date":"2025-03-06T13:04:37","date_gmt":"2025-03-06T11:04:37","guid":{"rendered":"https:\/\/talesofmemories.com\/kosik\/"},"modified":"2025-08-05T09:23:30","modified_gmt":"2025-08-05T06:23:30","slug":"kosik","status":"publish","type":"page","link":"https:\/\/talesofmemories.com\/cs\/kosik\/","title":{"rendered":"Ko\u0161\u00edk"},"content":{"rendered":"\n<div data-block-name=\"woocommerce\/cart\" class=\"wp-block-woocommerce-cart alignwide is-loading\">\n<div data-block-name=\"woocommerce\/filled-cart-block\" class=\"wp-block-woocommerce-filled-cart-block\">\n<div data-block-name=\"woocommerce\/cart-items-block\" class=\"wp-block-woocommerce-cart-items-block\">\n<div data-block-name=\"woocommerce\/cart-line-items-block\" class=\"wp-block-woocommerce-cart-line-items-block\"><\/div>\n\n\n\n<div data-block-name=\"woocommerce\/cart-cross-sells-block\" class=\"wp-block-woocommerce-cart-cross-sells-block\">\n<h2 class=\"wp-block-heading has-large-font-size\">Mohlo by v\u00e1s zaj\u00edmat&#8230;<\/h2>\n\n\n\n<div data-block-name=\"woocommerce\/cart-cross-sells-products-block\" class=\"wp-block-woocommerce-cart-cross-sells-products-block\"><\/div>\n<\/div>\n<\/div>\n\n\n\n<div data-block-name=\"woocommerce\/cart-totals-block\" class=\"wp-block-woocommerce-cart-totals-block\">\n<div data-block-name=\"woocommerce\/cart-order-summary-block\" class=\"wp-block-woocommerce-cart-order-summary-block\">\n<div data-block-name=\"woocommerce\/cart-order-summary-heading-block\" class=\"wp-block-woocommerce-cart-order-summary-heading-block\"><\/div>\n\n\n\n<div data-block-name=\"woocommerce\/cart-order-summary-coupon-form-block\" class=\"wp-block-woocommerce-cart-order-summary-coupon-form-block\"><\/div>\n\n\n\n<div data-block-name=\"woocommerce\/cart-order-summary-totals-block\" class=\"wp-block-woocommerce-cart-order-summary-totals-block\">\n<div data-block-name=\"woocommerce\/cart-order-summary-subtotal-block\" class=\"wp-block-woocommerce-cart-order-summary-subtotal-block\"><\/div>\n\n\n\n<div data-block-name=\"woocommerce\/cart-order-summary-fee-block\" class=\"wp-block-woocommerce-cart-order-summary-fee-block\"><\/div>\n\n\n\n<div data-block-name=\"woocommerce\/cart-order-summary-discount-block\" class=\"wp-block-woocommerce-cart-order-summary-discount-block\"><\/div>\n\n\n\n<div data-block-name=\"woocommerce\/cart-order-summary-shipping-block\" class=\"wp-block-woocommerce-cart-order-summary-shipping-block\"><\/div>\n\n\n\n<div data-block-name=\"woocommerce\/cart-order-summary-taxes-block\" class=\"wp-block-woocommerce-cart-order-summary-taxes-block\"><\/div>\n<\/div>\n<\/div>\n\n\n\n<div data-block-name=\"woocommerce\/cart-express-payment-block\" class=\"wp-block-woocommerce-cart-express-payment-block\"><\/div>\n\n\n\n<div data-block-name=\"woocommerce\/proceed-to-checkout-block\" class=\"wp-block-woocommerce-proceed-to-checkout-block\"><\/div>\n\n\n\n<div data-block-name=\"woocommerce\/cart-accepted-payment-methods-block\" class=\"wp-block-woocommerce-cart-accepted-payment-methods-block\"><\/div>\n\n\n\n<div class=\"wcml-dropdown product wcml_currency_switcher\">\n\t<ul>\n\t\t<li class=\"wcml-cs-active-currency\">\n\t\t\t<a class=\"wcml-cs-item-toggle\">Americk\u00fd dolar (&#036;) - USD<\/a>\n\t\t\t<ul class=\"wcml-cs-submenu\">\n\t\t\t\t\t\t\t\t\t\t\t\t\t\t\t<li>\n\t\t\t\t\t\t\t<a rel=\"EUR\">Euro (&euro;) - EUR<\/a>\n\t\t\t\t\t\t<\/li>\n\t\t\t\t\t\t\t\t\t\t\t\t\t\t\t\t\t\t\t\t<li>\n\t\t\t\t\t\t\t<a rel=\"GBP\">Libra \u0161terlink\u016f (&pound;) - GBP<\/a>\n\t\t\t\t\t\t<\/li>\n\t\t\t\t\t\t\t\t\t\t\t\t\t\t\t\t\t\t\t\t<li>\n\t\t\t\t\t\t\t<a rel=\"CZK\">\u010cesk\u00e1 koruna (&#075;&#269;) - CZK<\/a>\n\t\t\t\t\t\t<\/li>\n\t\t\t\t\t\t\t\t\t\t\t\t\t\t\t\t\t\t\t\t<li>\n\t\t\t\t\t\t\t<a rel=\"DKK\">D\u00e1nsk\u00e1 koruna (kr.) - DKK<\/a>\n\t\t\t\t\t\t<\/li>\n\t\t\t\t\t\t\t\t\t\t\t\t\t\t\t\t\t\t\t\t<li>\n\t\t\t\t\t\t\t<a rel=\"CHF\">\u0160v\u00fdcarsk\u00fd frank (&#067;&#072;&#070;) - CHF<\/a>\n\t\t\t\t\t\t<\/li>\n\t\t\t\t\t\t\t\t\t\t\t\t\t\t\t\t\t\t\t\t<li>\n\t\t\t\t\t\t\t<a rel=\"NOK\">Norsk\u00e1 koruna (&#107;&#114;) - NOK<\/a>\n\t\t\t\t\t\t<\/li>\n\t\t\t\t\t\t\t\t\t\t\t\t\t\t\t\t\t\t\t\t<li>\n\t\t\t\t\t\t\t<a rel=\"PLN\">Polsk\u00fd z&#x142;oty (&#122;&#322;) - PLN<\/a>\n\t\t\t\t\t\t<\/li>\n\t\t\t\t\t\t\t\t\t\t\t\t\t\t\t\t\t\t\t\t<li>\n\t\t\t\t\t\t\t<a rel=\"RON\">Rumunsk\u00e9 leu (lei) - RON<\/a>\n\t\t\t\t\t\t<\/li>\n\t\t\t\t\t\t\t\t\t\t\t\t\t\t\t\t\t\t\t\t<li>\n\t\t\t\t\t\t\t<a rel=\"MDL\">Moldavsk\u00e9 leu (MDL) - MDL<\/a>\n\t\t\t\t\t\t<\/li>\n\t\t\t\t\t\t\t\t\t\t\t\t\t\t\t\t\t\t\t\t<li>\n\t\t\t\t\t\t\t<a rel=\"RUB\">Rusk\u00fd rubl (&#8381;) - RUB<\/a>\n\t\t\t\t\t\t<\/li>\n\t\t\t\t\t\t\t\t\t\t\t\t\t\t\t\t\t\t\t\t<li>\n\t\t\t\t\t\t\t<a rel=\"BYN\"> (Br) - BYN<\/a>\n\t\t\t\t\t\t<\/li>\n\t\t\t\t\t\t\t\t\t\t\t\t\t\t\t\t\t\t\t\t<li>\n\t\t\t\t\t\t\t<a rel=\"SEK\">\u0160v\u00e9dsk\u00e1 koruna (&#107;&#114;) - SEK<\/a>\n\t\t\t\t\t\t<\/li>\n\t\t\t\t\t\t\t\t\t\t\t\t\t\t\t\t\t\t\t\t<li>\n\t\t\t\t\t\t\t<a rel=\"UAH\">Ukrajinsk\u00e1 h\u0159ivna (&#8372;) - UAH<\/a>\n\t\t\t\t\t\t<\/li>\n\t\t\t\t\t\t\t\t\t\t\t\t\t\t\t\t\t\t\t\t\t\t\t\t\t\t\t\t\t<li>\n\t\t\t\t\t\t\t<a rel=\"CAD\">Kanadsk\u00fd dolar (&#036;) - CAD<\/a>\n\t\t\t\t\t\t<\/li>\n\t\t\t\t\t\t\t\t\t\t\t\t\t\t\t\t\t\t\t\t<li>\n\t\t\t\t\t\t\t<a rel=\"BRL\">Brazilsk\u00fd real (&#082;&#036;) - BRL<\/a>\n\t\t\t\t\t\t<\/li>\n\t\t\t\t\t\t\t\t\t\t\t\t\t\t\t\t\t\t\t\t<li>\n\t\t\t\t\t\t\t<a rel=\"MXN\">Mexick\u00e9 Peso (&#036;) - MXN<\/a>\n\t\t\t\t\t\t<\/li>\n\t\t\t\t\t\t\t\t\t\t\t\t\t\t\t\t\t\t\t\t<li>\n\t\t\t\t\t\t\t<a rel=\"ARS\">Argentinsk\u00e9 peso (&#036;) - ARS<\/a>\n\t\t\t\t\t\t<\/li>\n\t\t\t\t\t\t\t\t\t\t\t\t\t\t\t\t\t\t\t\t<li>\n\t\t\t\t\t\t\t<a rel=\"KZT\">Kaza\u0161sk\u00e9 tenge (&#8376;) - KZT<\/a>\n\t\t\t\t\t\t<\/li>\n\t\t\t\t\t\t\t\t\t\t\t\t\t\t\t\t\t\t\t\t<li>\n\t\t\t\t\t\t\t<a rel=\"AUD\">Australsk\u00fd dolar (&#036;) - AUD<\/a>\n\t\t\t\t\t\t<\/li>\n\t\t\t\t\t\t\t\t\t\t\t\t\t\t\t\t\t\t\t\t<li>\n\t\t\t\t\t\t\t<a rel=\"TRY\">Tureck\u00e1 lira (&#8378;) - TRY<\/a>\n\t\t\t\t\t\t<\/li>\n\t\t\t\t\t\t\t\t\t\t\t\t<\/ul>\n\t\t<\/li>\n\t<\/ul>\n<\/div>\n<\/div>\n<\/div>\n\n\n\n<div data-block-name=\"woocommerce\/empty-cart-block\" class=\"wp-block-woocommerce-empty-cart-block\">\n<h2 class=\"wp-block-heading has-text-align-center with-empty-cart-icon wc-block-cart__empty-cart__title\">V\u00e1\u0161 ko\u0161\u00edk je moment\u00e1ln\u011b pr\u00e1zdn\u00fd!<\/h2>\n\n\n\n<hr class=\"wp-block-separator has-alpha-channel-opacity is-style-dots\"\/>\n\n\n\n<h2 class=\"wp-block-heading has-text-align-center\">Novinky v obchod\u011b<\/h2>\n\n\n<div data-block-name=\"woocommerce\/product-new\" data-columns=\"4\" data-rows=\"1\" class=\"wc-block-grid wp-block-product-new wp-block-woocommerce-product-new wc-block-product-new has-4-columns\"><ul class=\"wc-block-grid__products\"><li class=\"wc-block-grid__product\">\n\t\t\t\t<a href=\"https:\/\/talesofmemories.com\/cs\/product\/strana-vztahy-a-rodina-rocne\/\" class=\"wc-block-grid__product-link\">\n\t\t\t\t\t<div class=\"wc-block-grid__product-onsale\">\n\t\t\t<span aria-hidden=\"true\">Sleva<\/span>\n\t\t\t<span class=\"screen-reader-text\">Produkt na prodej<\/span>\n\t\t<\/div>\n\t\t\t\t\t<div class=\"wc-block-grid__product-image\"><img decoding=\"async\" width=\"300\" height=\"300\" src=\"https:\/\/talesofmemories.com\/wp-content\/uploads\/2025\/02\/family-6475821_1280-300x300.jpg\" class=\"attachment-woocommerce_thumbnail size-woocommerce_thumbnail\" alt=\"Vztahy a rodina - Ro\u010dn\u011b\" srcset=\"https:\/\/talesofmemories.com\/wp-content\/uploads\/2025\/02\/family-6475821_1280-300x300.jpg 300w, https:\/\/talesofmemories.com\/wp-content\/uploads\/2025\/02\/family-6475821_1280-100x100.jpg 100w\" sizes=\"(max-width: 300px) 100vw, 300px\" \/><\/div>\n\t\t\t\t\t<div class=\"wc-block-grid__product-title\">Vztahy a rodina - Ro\u010dn\u011b<\/div>\n\t\t\t\t<\/a>\n\t\t\t\t<div class=\"wc-block-grid__product-price price\">Z <span class=\"woocommerce-Price-amount amount\"><span class=\"woocommerce-Price-currencySymbol\">&#036;<\/span>52.27<\/span><\/div>\n\t\t\t\t\n\t\t\t\t<div class=\"wp-block-button wc-block-grid__product-add-to-cart\"><a href=\"https:\/\/talesofmemories.com\/cs\/product\/strana-vztahy-a-rodina-rocne\/\" aria-label=\"Vyberte nastaven\u00ed pro &bdquo;Vztahy a rodina - Ro\u010dn\u011b&ldquo;\" data-quantity=\"1\" data-product_id=\"1769\" data-product_sku=\"\" data-price=\"52.27\" rel=\"nofollow\" class=\"wp-block-button__link  add_to_cart_button\">V\u00fdb\u011br mo\u017enost\u00ed<\/a><\/div>\n\t\t\t<\/li><li class=\"wc-block-grid__product\">\n\t\t\t\t<a href=\"https:\/\/talesofmemories.com\/cs\/product\/strana-poskytovatele-sluzeb\/\" class=\"wc-block-grid__product-link\">\n\t\t\t\t\t\n\t\t\t\t\t<div class=\"wc-block-grid__product-image\"><img decoding=\"async\" width=\"300\" height=\"300\" src=\"https:\/\/talesofmemories.com\/wp-content\/uploads\/2025\/03\/woman-8327052_1920-300x300.jpg\" class=\"attachment-woocommerce_thumbnail size-woocommerce_thumbnail\" alt=\"Poskytovatel\u00e9 slu\u017eeb\" srcset=\"https:\/\/talesofmemories.com\/wp-content\/uploads\/2025\/03\/woman-8327052_1920-300x300.jpg 300w, https:\/\/talesofmemories.com\/wp-content\/uploads\/2025\/03\/woman-8327052_1920-100x100.jpg 100w\" sizes=\"(max-width: 300px) 100vw, 300px\" \/><\/div>\n\t\t\t\t\t<div class=\"wc-block-grid__product-title\">Poskytovatel\u00e9 slu\u017eeb<\/div>\n\t\t\t\t<\/a>\n\t\t\t\t<div class=\"wc-block-grid__product-price price\"><span class=\"woocommerce-Price-amount amount\"><span class=\"woocommerce-Price-currencySymbol\">&#036;<\/span>142.00<\/span><span class=\"price-suffix\"><\/span><\/div>\n\t\t\t\t\n\t\t\t\t<div class=\"wp-block-button wc-block-grid__product-add-to-cart\"><a href=\"\/cs\/wp-json\/wp\/v2\/pages\/1591?add-to-cart=1819\" aria-label=\"P\u0159idat do ko\u0161\u00edku: &ldquo;Poskytovatel\u00e9 slu\u017eeb&rdquo;\" data-quantity=\"1\" data-product_id=\"1819\" data-product_sku=\"\" data-price=\"142\" rel=\"nofollow\" class=\"wp-block-button__link  add_to_cart_button ajax_add_to_cart\">P\u0159idat do ko\u0161\u00edku<\/a><\/div>\n\t\t\t<\/li><li class=\"wc-block-grid__product\">\n\t\t\t\t<a href=\"https:\/\/talesofmemories.com\/cs\/product\/fotoramecek\/\" class=\"wc-block-grid__product-link\">\n\t\t\t\t\t\n\t\t\t\t\t<div class=\"wc-block-grid__product-image\"><img decoding=\"async\" width=\"300\" height=\"300\" src=\"https:\/\/talesofmemories.com\/wp-content\/uploads\/2025\/02\/valokuvakehys-300x300.png\" class=\"attachment-woocommerce_thumbnail size-woocommerce_thumbnail\" alt=\"Fotor\u00e1me\u010dek\" srcset=\"https:\/\/talesofmemories.com\/wp-content\/uploads\/2025\/02\/valokuvakehys-300x300.png 300w, https:\/\/talesofmemories.com\/wp-content\/uploads\/2025\/02\/valokuvakehys-100x100.png 100w, https:\/\/talesofmemories.com\/wp-content\/uploads\/2025\/02\/valokuvakehys.png 518w\" sizes=\"(max-width: 300px) 100vw, 300px\" \/><\/div>\n\t\t\t\t\t<div class=\"wc-block-grid__product-title\">Fotor\u00e1me\u010dek<\/div>\n\t\t\t\t<\/a>\n\t\t\t\t<div class=\"wc-block-grid__product-price price\"><\/div>\n\t\t\t\t\n\t\t\t\t<div class=\"wp-block-button wc-block-grid__product-add-to-cart\"><a href=\"https:\/\/talesofmemories.com\/cs\/product\/fotoramecek\/\" aria-label=\"Zjistit v\u00edce o &bdquo;Fotor\u00e1me\u010dek&ldquo;\" data-quantity=\"1\" data-product_id=\"1838\" data-product_sku=\"\" data-price=\"0\" rel=\"nofollow\" class=\"wp-block-button__link  add_to_cart_button\">\u010ct\u011bte v\u00edce<\/a><\/div>\n\t\t\t<\/li><li class=\"wc-block-grid__product\">\n\t\t\t\t<a href=\"https:\/\/talesofmemories.com\/cs\/product\/strana-vzpominky\/\" class=\"wc-block-grid__product-link\">\n\t\t\t\t\t<div class=\"wc-block-grid__product-onsale\">\n\t\t\t<span aria-hidden=\"true\">Sleva<\/span>\n\t\t\t<span class=\"screen-reader-text\">Produkt na prodej<\/span>\n\t\t<\/div>\n\t\t\t\t\t<div class=\"wc-block-grid__product-image\"><img decoding=\"async\" width=\"300\" height=\"300\" src=\"https:\/\/talesofmemories.com\/wp-content\/uploads\/2025\/03\/camera-514992_1920-300x300.jpg\" class=\"attachment-woocommerce_thumbnail size-woocommerce_thumbnail\" alt=\"Vzpom\u00ednky\" srcset=\"https:\/\/talesofmemories.com\/wp-content\/uploads\/2025\/03\/camera-514992_1920-300x300.jpg 300w, https:\/\/talesofmemories.com\/wp-content\/uploads\/2025\/03\/camera-514992_1920-100x100.jpg 100w\" sizes=\"(max-width: 300px) 100vw, 300px\" \/><\/div>\n\t\t\t\t\t<div class=\"wc-block-grid__product-title\">Vzpom\u00ednky<\/div>\n\t\t\t\t<\/a>\n\t\t\t\t<div class=\"wc-block-grid__product-price price\"><del aria-hidden=\"true\"><span class=\"woocommerce-Price-amount amount\"><span class=\"woocommerce-Price-currencySymbol\">&#036;<\/span>112.02<\/span><\/del> <span class=\"screen-reader-text\">P\u016fvodn\u00ed cena byla: &#036;112.02.<\/span><ins aria-hidden=\"true\"><span class=\"woocommerce-Price-amount amount\"><span class=\"woocommerce-Price-currencySymbol\">&#036;<\/span>78.41<\/span><\/ins><span class=\"screen-reader-text\">Aktu\u00e1ln\u00ed cena je: &#036;78.41.<\/span><span class=\"price-suffix\"><\/span><\/div>\n\t\t\t\t\n\t\t\t\t<div class=\"wp-block-button wc-block-grid__product-add-to-cart\"><a href=\"\/cs\/wp-json\/wp\/v2\/pages\/1591?add-to-cart=3468\" aria-label=\"P\u0159idat do ko\u0161\u00edku: &ldquo;Vzpom\u00ednky&rdquo;\" data-quantity=\"1\" data-product_id=\"3468\" data-product_sku=\"\" data-price=\"78.41\" rel=\"nofollow\" class=\"wp-block-button__link  add_to_cart_button ajax_add_to_cart\">P\u0159idat do ko\u0161\u00edku<\/a><\/div>\n\t\t\t<\/li><\/ul><\/div><\/div>\n<\/div>\n","protected":false},"excerpt":{"rendered":"","protected":false},"author":1,"featured_media":0,"parent":0,"menu_order":0,"comment_status":"closed","ping_status":"closed","template":"","meta":{"inline_featured_image":false,"footnotes":""},"class_list":["post-1591","page","type-page","status-publish","hentry"],"_links":{"self":[{"href":"https:\/\/talesofmemories.com\/cs\/wp-json\/wp\/v2\/pages\/1591","targetHints":{"allow":["GET"]}}],"collection":[{"href":"https:\/\/talesofmemories.com\/cs\/wp-json\/wp\/v2\/pages"}],"about":[{"href":"https:\/\/talesofmemories.com\/cs\/wp-json\/wp\/v2\/types\/page"}],"author":[{"embeddable":true,"href":"https:\/\/talesofmemories.com\/cs\/wp-json\/wp\/v2\/users\/1"}],"replies":[{"embeddable":true,"href":"https:\/\/talesofmemories.com\/cs\/wp-json\/wp\/v2\/comments?post=1591"}],"version-history":[{"count":0,"href":"https:\/\/talesofmemories.com\/cs\/wp-json\/wp\/v2\/pages\/1591\/revisions"}],"wp:attachment":[{"href":"https:\/\/talesofmemories.com\/cs\/wp-json\/wp\/v2\/media?parent=1591"}],"curies":[{"name":"wp","href":"https:\/\/api.w.org\/{rel}","templated":true}]}}